{"id":5567,"date":"2019-10-05T12:38:19","date_gmt":"2019-10-05T10:38:19","guid":{"rendered":"https:\/\/www.kenial.de\/de\/?page_id=5567"},"modified":"2022-03-28T11:43:28","modified_gmt":"2022-03-28T09:43:28","slug":"albanien-2019","status":"publish","type":"page","link":"https:\/\/www.kenial.de\/de\/kenial\/albanien-2\/albanien-2019\/","title":{"rendered":"Albanien 2019"},"content":{"rendered":"<a href=\"https:\/\/www.kenial.de\/de\/kenial\/albanien-2\/albanien-2017\/\">Albanien 2017<\/a> \u2022 Albanien 2019 \u2022 <a href=\"https:\/\/www.kenial.de\/de\/kenial\/albanien-2\/albanien-2020\/\">Albanien 2020<\/a> \u2022 <a href=\"https:\/\/www.kenial.de\/de\/albanien-2021\/\">Albanien 2021<\/a> \u2022 <a href=\"https:\/\/www.kenial.de\/de\/albanien-2022\/\">Albanien 2022<\/a><\/p>\n<p>Leonie und Tommy mit dem Bulli unterwegs durch Albanien. Und weil wir dort ein keniales Projekt haben, bringen die beiden jede Menge Sachen f\u00fcr die Waisenkinder in Elbasan mit ein.<\/p>\n<p>&nbsp;<\/p>\n<div class=\"oneThird\"><img loading=\"lazy\" decoding=\"async\" class=\"alignnone wp-image-5773 size-full\" src=\"https:\/\/www.kenial.de\/wp-content\/uploads\/2019\/10\/alb_kids_ju_kl.jpg\" alt=\"\" width=\"200\" height=\"147\" \/><br \/>\nDie Kinder. 23 Waisen, die die \u00f6rtliche Schule besuchen. Neue Kleidung f\u00fcr die Kids und ein Laptop f\u00fcr das M\u00e4dchenhaus.<\/p>\n<\/div>\n<div class=\"oneThird\"><img loading=\"lazy\" decoding=\"async\" class=\"alignnone wp-image-5569 size-full\" src=\"https:\/\/www.kenial.de\/wp-content\/uploads\/2019\/08\/leoni.jpg\" alt=\"\" width=\"200\" height=\"147\" \/><br \/>\nDie Reisenden. Leonie hat bereits ein keniales Projekt auf Sri Lanka unterst\u00fctzt. Jetzt geht es mit Tommy nach Albanien.<\/p>\n<\/div>\n<div class=\"oneThird last\"><img loading=\"lazy\" decoding=\"async\" class=\"alignnone wp-image-5570 size-full\" src=\"https:\/\/www.kenial.de\/wp-content\/uploads\/2019\/08\/marsid19.jpg\" alt=\"\" width=\"200\" height=\"147\" \/><br \/>\nAnsprechpartner. Marsid vor Ort ist immer f\u00fcr uns erreichbar. Das Heim wird vom Verein Albanienhilfe Weilheim unterst\u00fctzt. Viele Kinder haben Paten in Deutschland.<\/p>\n<p><a href=\"https:\/\/www.kenial.de\/de\/kenial\/albanien-2\/albanien-2019\/galerie-albanien-19\/\"><span class=\"dropcap circle\">G<\/span>Galerie 2019<\/a><\/p>\n<\/div><div class=\"clear\"><\/div>","protected":false},"excerpt":{"rendered":"<p>Albanien 2017 \u2022 Albanien 2019 \u2022 Albanien 2020 \u2022 Albanien 2021 \u2022 Albanien 2022 Leonie und Tommy mit dem Bulli unterwegs durch Albanien. Und weil wir dort ein keniales Projekt haben, bringen die beiden jede Menge Sachen f\u00fcr die Waisenkinder in Elbasan mit ein. &nbsp;<\/p>\n","protected":false},"author":1,"featured_media":5759,"parent":4136,"menu_order":0,"comment_status":"closed","ping_status":"closed","template":"","meta":{"footnotes":""},"class_list":["post-5567","page","type-page","status-publish","has-post-thumbnail","hentry"],"_links":{"self":[{"href":"https:\/\/www.kenial.de\/de\/wp-json\/wp\/v2\/pages\/5567","targetHints":{"allow":["GET"]}}],"collection":[{"href":"https:\/\/www.kenial.de\/de\/wp-json\/wp\/v2\/pages"}],"about":[{"href":"https:\/\/www.kenial.de\/de\/wp-json\/wp\/v2\/types\/page"}],"author":[{"embeddable":true,"href":"https:\/\/www.kenial.de\/de\/wp-json\/wp\/v2\/users\/1"}],"replies":[{"embeddable":true,"href":"https:\/\/www.kenial.de\/de\/wp-json\/wp\/v2\/comments?post=5567"}],"version-history":[{"count":1,"href":"https:\/\/www.kenial.de\/de\/wp-json\/wp\/v2\/pages\/5567\/revisions"}],"predecessor-version":[{"id":8084,"href":"https:\/\/www.kenial.de\/de\/wp-json\/wp\/v2\/pages\/5567\/revisions\/8084"}],"up":[{"embeddable":true,"href":"https:\/\/www.kenial.de\/de\/wp-json\/wp\/v2\/pages\/4136"}],"wp:featuredmedia":[{"embeddable":true,"href":"https:\/\/www.kenial.de\/de\/wp-json\/wp\/v2\/media\/5759"}],"wp:attachment":[{"href":"https:\/\/www.kenial.de\/de\/wp-json\/wp\/v2\/media?parent=5567"}],"curies":[{"name":"wp","href":"https:\/\/api.w.org\/{rel}","templated":true}]}}