{"id":5565,"date":"2019-10-05T12:37:48","date_gmt":"2019-10-05T10:37:48","guid":{"rendered":"https:\/\/www.kenial.de\/de\/?page_id=5565"},"modified":"2022-03-28T11:44:23","modified_gmt":"2022-03-28T09:44:23","slug":"albanien-2018","status":"publish","type":"page","link":"https:\/\/www.kenial.de\/de\/kenial\/albanien-2\/albanien-2017\/","title":{"rendered":"Albanien 2017"},"content":{"rendered":"Albanien 2017 \u2022 <a href=\"https:\/\/www.kenial.de\/de\/kenial\/albanien-2\/albanien-2019\/\">Albanien 2019<\/a> \u2022 <a href=\"https:\/\/www.kenial.de\/de\/kenial\/albanien-2\/albanien-2020\/\">Albanien 2020<\/a> \u2022 <a href=\"https:\/\/www.kenial.de\/de\/albanien-2021\/\">Albanien 2021<\/a> \u2022 <a href=\"https:\/\/www.kenial.de\/de\/albanien-2022\/\">Albanien 2022<\/a><\/p>\n<p>Gleich eine ganze Eishockey Mannschaft. Die Jungs rund um die Dorfener Eisb\u00e4ren machen jedes Jahr eine Tour zusammen. Sie waren schon in Togo, Russland, Jordanien&#8230; Dieses Jahr geht es nach Albanien. Und dann direkt noch was mitbringen, f\u00fcr Kinder in Not. Obwohl die Reisezeit echt kurz ist. Die Kinder bekommen warme Schuhe, warme Hosen und Jacken. Danke an Lowa, maloja und marmot!<\/p>\n<p>&nbsp;<\/p>\n<div class=\"oneThird\"><img loading=\"lazy\" decoding=\"async\" class=\"alignnone wp-image-4129 size-full\" src=\"https:\/\/www.kenial.de\/wp-content\/uploads\/2018\/03\/albanien_heim.jpg\" alt=\"\" width=\"200\" height=\"140\" \/><br \/>\nDie Kinder. 27 Jungen und M\u00e4dchen zwischen 6 und 18 Jahren. Die Kinder Waisen, die die \u00f6rtliche Schule besuchen. Das Heim liegt in Elbasan, und je 10 Kinder leben zusammen in einer Wohneinheit.<\/p>\n<\/div>\n<div class=\"oneThird\"><img loading=\"lazy\" decoding=\"async\" class=\"alignnone wp-image-4164 size-full\" src=\"https:\/\/www.kenial.de\/wp-content\/uploads\/2018\/03\/eisokey_kl.jpg\" alt=\"\" width=\"200\" height=\"140\" \/><br \/>\nDie Reisenden. Eine Gruppe Eishockeyspieler, die einfach mal Albanien sehen wollen. Andreas und die Kumpels im gro\u00dfen Bus und los.<\/p>\n<\/div>\n<div class=\"oneThird last\"><img loading=\"lazy\" decoding=\"async\" class=\"alignnone wp-image-4250 size-full\" src=\"https:\/\/www.kenial.de\/wp-content\/uploads\/2018\/06\/marsid.jpg\" alt=\"\" width=\"200\" height=\"140\" \/><br \/>\nAnsprechpartner. Marsid vor Ort ist immer f\u00fcr uns erreichbar. Hier im Gesrp\u00e4ch mit Andreas bei der \u00dcbergabe. Das Heim wird vom Verein Albanienhilfe Weilheim unterst\u00fctzt. Viele Kinder haben Paten in Deutschland.<\/p>\n<\/div><div class=\"clear\"><\/div>\n<div class=\"oneThird\"><img loading=\"lazy\" decoding=\"async\" class=\"alignnone wp-image-5118 size-full\" src=\"https:\/\/www.kenial.de\/wp-content\/uploads\/2019\/02\/jacken_kl.jpg\" alt=\"\" width=\"200\" height=\"140\" \/><br \/>\n2019 geht es weiter. Wir k\u00f6nnen den \u00e4lteren M\u00e4dchen aus einem weiteren Teil des Heims warme Jacken bringen.<br \/>\n<\/div>\n<div class=\"oneThird last\"><img loading=\"lazy\" decoding=\"async\" class=\"alignnone wp-image-5119 size-full\" src=\"https:\/\/www.kenial.de\/wp-content\/uploads\/2019\/02\/lap_kl.jpg\" alt=\"\" width=\"200\" height=\"140\" \/><br \/>\nUnd f\u00fcr alle Kinder einen Laptop der Securtity Networks AG. Jetzt k\u00f6nnen die Kids ihre Schulsachen auch am Rechner erledigen, besser weltweit kommunizieren usw.<br \/>\n<\/div><div class=\"clear\"><\/div>\n<div class=\"theParallaxCrestaBlock\"><div class=\"theParallaxCresta fortunato-short-parallax-222\" style=\"background-image: url(https:\/\/www.kenial.de\/wp-content\/uploads\/2019\/02\/alb_maedl_paralax.jpg); height:600px;\"><h2><\/h2><\/div><\/div><script type=\"text\/javascript\">(function($) { $(document).ready(function() { if ( \/Android|webOS|iPhone|iPad|iPod|BlackBerry|IEMobile|Opera Mini\/i.test(navigator.userAgent) ) {} else { $(\".fortunato-short-parallax-222\").scrollparallax(\"50%\", \"0.2\"); } }); })(jQuery);<\/script>","protected":false},"excerpt":{"rendered":"<p>Albanien 2017 \u2022 Albanien 2019 \u2022 Albanien 2020 \u2022 Albanien 2021 \u2022 Albanien 2022 Gleich eine ganze Eishockey Mannschaft. Die Jungs rund um die Dorfener Eisb\u00e4ren machen jedes Jahr eine Tour zusammen. Sie waren schon in Togo, Russland, Jordanien&#8230; Dieses Jahr geht es nach Albanien. Und dann direkt noch was mitbringen, f\u00fcr Kinder in Not.&hellip;<\/p>\n","protected":false},"author":1,"featured_media":4169,"parent":4136,"menu_order":0,"comment_status":"closed","ping_status":"closed","template":"","meta":{"footnotes":""},"class_list":["post-5565","page","type-page","status-publish","has-post-thumbnail","hentry"],"_links":{"self":[{"href":"https:\/\/www.kenial.de\/de\/wp-json\/wp\/v2\/pages\/5565","targetHints":{"allow":["GET"]}}],"collection":[{"href":"https:\/\/www.kenial.de\/de\/wp-json\/wp\/v2\/pages"}],"about":[{"href":"https:\/\/www.kenial.de\/de\/wp-json\/wp\/v2\/types\/page"}],"author":[{"embeddable":true,"href":"https:\/\/www.kenial.de\/de\/wp-json\/wp\/v2\/users\/1"}],"replies":[{"embeddable":true,"href":"https:\/\/www.kenial.de\/de\/wp-json\/wp\/v2\/comments?post=5565"}],"version-history":[{"count":1,"href":"https:\/\/www.kenial.de\/de\/wp-json\/wp\/v2\/pages\/5565\/revisions"}],"predecessor-version":[{"id":8085,"href":"https:\/\/www.kenial.de\/de\/wp-json\/wp\/v2\/pages\/5565\/revisions\/8085"}],"up":[{"embeddable":true,"href":"https:\/\/www.kenial.de\/de\/wp-json\/wp\/v2\/pages\/4136"}],"wp:featuredmedia":[{"embeddable":true,"href":"https:\/\/www.kenial.de\/de\/wp-json\/wp\/v2\/media\/4169"}],"wp:attachment":[{"href":"https:\/\/www.kenial.de\/de\/wp-json\/wp\/v2\/media?parent=5565"}],"curies":[{"name":"wp","href":"https:\/\/api.w.org\/{rel}","templated":true}]}}