{"id":5548,"date":"2019-08-10T12:19:18","date_gmt":"2019-08-10T10:19:18","guid":{"rendered":"https:\/\/www.kenial.de\/de\/?page_id=5548"},"modified":"2019-08-10T12:24:53","modified_gmt":"2019-08-10T10:24:53","slug":"baluchestan","status":"publish","type":"page","link":"https:\/\/www.kenial.de\/de\/kenial\/iran\/baluchestan\/","title":{"rendered":"Baluchestan"},"content":{"rendered":"Ein Arzt versorgt 100 Kinder in der Region Sistan und Baluchestan, nahe der pakistanischen Grenze. Es gibt keine Strassen, kaum Infrastruktur. Die Kinder bis zur 6ten Klasse gehen zusammen in den Unterricht.<\/p>\n<p>&nbsp;<\/p>\n<div class=\"oneThird\"><img loading=\"lazy\" decoding=\"async\" class=\"alignnone wp-image-5545 size-full\" src=\"https:\/\/www.kenial.de\/wp-content\/uploads\/2019\/08\/iran_grenze.jpg\" alt=\"\" width=\"200\" height=\"147\" \/><br \/>\nDie Kinder leben ein wirklich einfaches Leben. Die Schule ist v\u00f6llig herunter gekommen.<\/p>\n<\/div>\n<div class=\"oneThird\"><img loading=\"lazy\" decoding=\"async\" class=\"alignnone wp-image-5550 size-full\" src=\"https:\/\/www.kenial.de\/wp-content\/uploads\/2019\/08\/schule.jpg\" alt=\"\" width=\"200\" height=\"147\" \/><br \/>\nWir bringen erst einmal kleine Rucks\u00e4cke aus Baumwolle und Stifte, Radierer, Spitzer.. Der Weg ist sehr weit, und wir m\u00f6chten, dass alles pers\u00f6nlich an die Kinder \u00fcbergeben wird.<\/p>\n<\/div>\n<div class=\"oneThird last\"><img loading=\"lazy\" decoding=\"async\" class=\"alignnone wp-image-3704 size-full\" src=\"https:\/\/www.kenial.de\/wp-content\/uploads\/2017\/10\/nasim_kl.jpg\" alt=\"\" width=\"200\" height=\"147\" \/><br \/>\n\u00dcbergeben wird alles pers\u00f6nlich und direkt von Nasim. Wie immer hilft S\u00f6ren beim Transport. Wir suchen dringend Reisende in den Iran.<br \/>\n<\/div><div class=\"clear\"><\/div>\n<div class=\"theParallaxCrestaBlock\"><div class=\"theParallaxCresta fortunato-short-parallax-392\" style=\"background-image: url(https:\/\/www.kenial.de\/wp-content\/uploads\/2019\/04\/nasim_climb2-1.jpg); height:400px;\"><h2><\/h2><\/div><\/div><script type=\"text\/javascript\">(function($) { $(document).ready(function() { if ( \/Android|webOS|iPhone|iPad|iPod|BlackBerry|IEMobile|Opera Mini\/i.test(navigator.userAgent) ) {} else { $(\".fortunato-short-parallax-392\").scrollparallax(\"50%\", \"0.2\"); } }); })(jQuery);<\/script>","protected":false},"excerpt":{"rendered":"<p>Ein Arzt versorgt 100 Kinder in der Region Sistan und Baluchestan, nahe der pakistanischen Grenze. Es gibt keine Strassen, kaum Infrastruktur. Die Kinder bis zur 6ten Klasse gehen zusammen in den Unterricht. &nbsp;<\/p>\n","protected":false},"author":1,"featured_media":5549,"parent":3700,"menu_order":0,"comment_status":"closed","ping_status":"closed","template":"","meta":{"footnotes":""},"class_list":["post-5548","page","type-page","status-publish","has-post-thumbnail","hentry"],"_links":{"self":[{"href":"https:\/\/www.kenial.de\/de\/wp-json\/wp\/v2\/pages\/5548","targetHints":{"allow":["GET"]}}],"collection":[{"href":"https:\/\/www.kenial.de\/de\/wp-json\/wp\/v2\/pages"}],"about":[{"href":"https:\/\/www.kenial.de\/de\/wp-json\/wp\/v2\/types\/page"}],"author":[{"embeddable":true,"href":"https:\/\/www.kenial.de\/de\/wp-json\/wp\/v2\/users\/1"}],"replies":[{"embeddable":true,"href":"https:\/\/www.kenial.de\/de\/wp-json\/wp\/v2\/comments?post=5548"}],"version-history":[{"count":0,"href":"https:\/\/www.kenial.de\/de\/wp-json\/wp\/v2\/pages\/5548\/revisions"}],"up":[{"embeddable":true,"href":"https:\/\/www.kenial.de\/de\/wp-json\/wp\/v2\/pages\/3700"}],"wp:featuredmedia":[{"embeddable":true,"href":"https:\/\/www.kenial.de\/de\/wp-json\/wp\/v2\/media\/5549"}],"wp:attachment":[{"href":"https:\/\/www.kenial.de\/de\/wp-json\/wp\/v2\/media?parent=5548"}],"curies":[{"name":"wp","href":"https:\/\/api.w.org\/{rel}","templated":true}]}}