{"id":5367,"date":"2019-05-05T16:10:29","date_gmt":"2019-05-05T14:10:29","guid":{"rendered":"https:\/\/www.kenial.de\/de\/?page_id=5367"},"modified":"2019-12-19T10:06:48","modified_gmt":"2019-12-19T09:06:48","slug":"kermanshah","status":"publish","type":"page","link":"https:\/\/www.kenial.de\/de\/kenial\/iran\/kermanshah\/","title":{"rendered":"Kermanshah"},"content":{"rendered":"Ein erstes keniales Projekt in Iran. In der N\u00e4he von Bisotun, einer Big Wall von 5km L\u00e4nge und 1200m H\u00f6he. Der Klettertreffpunkt in Iran. Und zugleich UNESCO Weltkulturerbe, das altert\u00fcrmliche Inschriften und Reliefs in drei Sprachen, Altpersisch, Elamisch und Neubabylonisch tr\u00e4gt. Die NGO Childfoundation versorgt und unterst\u00fctzt dort viele Kinder, denen ein kalter Winter bevorsteht.<\/p>\n<div class=\"oneThird\"><img loading=\"lazy\" decoding=\"async\" class=\"alignnone wp-image-5058 size-full\" src=\"https:\/\/www.kenial.de\/wp-content\/uploads\/2019\/02\/bubi_iran_kl.png\" alt=\"\" width=\"200\" height=\"140\" \/><br \/>\nWir unterst\u00fctzen 100 Kinder der NGO Childfoundation vor Ort. Die Kinder sind zwischen 8 und 18 Jahre alt.<\/p>\n<\/div>\n<div class=\"oneThird\"><img loading=\"lazy\" decoding=\"async\" class=\"alignnone wp-image-3709 size-full\" src=\"https:\/\/www.kenial.de\/wp-content\/uploads\/2017\/10\/bisotun_berg.jpg\" alt=\"\" width=\"200\" height=\"147\" \/><br \/>\nDer Kletterfelsen Bisotun. Der Gipfel liegt auf 2500m H\u00f6he, eine 1200m hohe und steile Felswand. Es gibt alleine 3 Biwakschachteln darin. Viele anspruchsvolle alpine und Sportkletter Routen.<\/p>\n<\/div>\n<div class=\"oneThird last\"><img loading=\"lazy\" decoding=\"async\" class=\"alignnone wp-image-3704 size-full\" src=\"https:\/\/www.kenial.de\/wp-content\/uploads\/2017\/10\/nasim_kl.jpg\" alt=\"\" width=\"200\" height=\"147\" \/><br \/>\nAthleten. Nasim Eshqi und Mahdi Pahnavar, zwei gro\u00dfartige Kletterer unterst\u00fctzen keniale Projekte in ihrer Heimat.<\/p>\n<\/div><div class=\"clear\"><\/div>\n<div class=\"oneThird\"><img loading=\"lazy\" decoding=\"async\" class=\"alignnone wp-image-5059 size-full\" src=\"https:\/\/www.kenial.de\/wp-content\/uploads\/2019\/02\/madl_kl.jpg\" alt=\"\" width=\"200\" height=\"140\" \/><br \/>\nDie Kinder brauchen gute Schuhe, warme Jacken, Rucks\u00e4cke f\u00fcr die Schulsachen.<\/p>\n<\/div>\n<div class=\"oneThird\"><img loading=\"lazy\" decoding=\"async\" class=\"alignnone wp-image-4482 size-full\" src=\"https:\/\/www.kenial.de\/wp-content\/uploads\/2018\/08\/soeren_kl.jpg\" alt=\"\" width=\"200\" height=\"147\" \/><br \/>\nDen ersten Teil des Transportes organisiert S\u00f6ren f\u00fcr uns. Iran Kenner und Pendler zwischen den Kulturen. Mega Danke! Mit S\u00f6ren und <a href=\"http:\/\/www.homa-reisen.de\" target=\"_blank\" rel=\"noopener noreferrer\">www.homa-reisen.de<\/a> k\u00f6nnt ihr Reisen in den Iran unternehmen. Auch zum gro\u00dfen Big Wall Klettertreff. Dann aber schnell.<\/p>\n<\/div>","protected":false},"excerpt":{"rendered":"<p>Ein erstes keniales Projekt in Iran. In der N\u00e4he von Bisotun, einer Big Wall von 5km L\u00e4nge und 1200m H\u00f6he. Der Klettertreffpunkt in Iran. Und zugleich UNESCO Weltkulturerbe, das altert\u00fcrmliche Inschriften und Reliefs in drei Sprachen, Altpersisch, Elamisch und Neubabylonisch tr\u00e4gt. Die NGO Childfoundation versorgt und unterst\u00fctzt dort viele Kinder, denen ein kalter Winter bevorsteht.<\/p>\n","protected":false},"author":1,"featured_media":6047,"parent":3700,"menu_order":0,"comment_status":"closed","ping_status":"closed","template":"","meta":{"footnotes":""},"class_list":["post-5367","page","type-page","status-publish","has-post-thumbnail","hentry"],"_links":{"self":[{"href":"https:\/\/www.kenial.de\/de\/wp-json\/wp\/v2\/pages\/5367","targetHints":{"allow":["GET"]}}],"collection":[{"href":"https:\/\/www.kenial.de\/de\/wp-json\/wp\/v2\/pages"}],"about":[{"href":"https:\/\/www.kenial.de\/de\/wp-json\/wp\/v2\/types\/page"}],"author":[{"embeddable":true,"href":"https:\/\/www.kenial.de\/de\/wp-json\/wp\/v2\/users\/1"}],"replies":[{"embeddable":true,"href":"https:\/\/www.kenial.de\/de\/wp-json\/wp\/v2\/comments?post=5367"}],"version-history":[{"count":0,"href":"https:\/\/www.kenial.de\/de\/wp-json\/wp\/v2\/pages\/5367\/revisions"}],"up":[{"embeddable":true,"href":"https:\/\/www.kenial.de\/de\/wp-json\/wp\/v2\/pages\/3700"}],"wp:featuredmedia":[{"embeddable":true,"href":"https:\/\/www.kenial.de\/de\/wp-json\/wp\/v2\/media\/6047"}],"wp:attachment":[{"href":"https:\/\/www.kenial.de\/de\/wp-json\/wp\/v2\/media?parent=5367"}],"curies":[{"name":"wp","href":"https:\/\/api.w.org\/{rel}","templated":true}]}}