{"id":5280,"date":"2019-05-04T15:56:33","date_gmt":"2019-05-04T13:56:33","guid":{"rendered":"https:\/\/www.kenial.de\/de\/?page_id=5280"},"modified":"2022-09-05T18:00:20","modified_gmt":"2022-09-05T16:00:20","slug":"nepal-2019","status":"publish","type":"page","link":"https:\/\/www.kenial.de\/de\/kenial\/nepal\/new-kopila-home\/nepal-2019\/","title":{"rendered":"Nepal 2019"},"content":{"rendered":"<a href=\"https:\/\/www.kenial.de\/de\/kenial\/nepal\/nepal-2016\/\">Nepal 2016<\/a> \u2022 <a href=\"https:\/\/www.kenial.de\/de\/kenial\/nepal\/nepal-2017\/\">Nepal 2017<\/a> \u2022 <a href=\"https:\/\/www.kenial.de\/de\/nepal-2017-expedition\/\">Nepal 2017 Exped<\/a> \u2022 <a href=\"https:\/\/www.kenial.de\/de\/kenial\/nepal\/nepal-2018\/\">Nepal 2018<\/a> \u2022 Nepal 2019 \u2022 <a href=\"https:\/\/www.kenial.de\/de\/kenial\/nepal\/nepal-2021\/\">Nepal 2021<\/a> \u2022 <a href=\"https:\/\/www.kenial.de\/de\/kenial\/nepal\/nepal-2022\/\">Nepal 2022<\/a><\/p>\n<p>Wilma und Anke auf dem Weg zum Mardi Himal.\u00a0 Vorher aber geht es in das erste Kinderheim. Gebraucht werden Laptops und neue Tische und B\u00e4nke. Die lassen wir ganz kenial vor Ort schreinern und holen selber ab. Im Anschlu\u00df geht es in ein neues Kinderheim. Das New Kopila Heim. Hier werden alle Kinder Jacken bekommen, Laptops und etwas Spielzeug.<\/p>\n<div class=\"oneThird\"><img loading=\"lazy\" decoding=\"async\" class=\"alignnone wp-image-5284 size-full\" src=\"https:\/\/www.kenial.de\/wp-content\/uploads\/2019\/05\/aishw_nep2019.jpg\" alt=\"\" width=\"200\" height=\"145\" \/><br \/>\nKids. Das Heim liegt mitten in der Stadt. Eine fr\u00f6hliches zu Hause f\u00fcr 50 Kinder. Der Schulbesuch kostet Geld, dennoch k\u00f6nnen alle zur Schule gehen.<\/p>\n<\/div>\n<div class=\"oneThird\"><img loading=\"lazy\" decoding=\"async\" class=\"alignnone wp-image-5283 size-full\" src=\"https:\/\/www.kenial.de\/wp-content\/uploads\/2019\/05\/tische_nep2019.jpg\" alt=\"\" width=\"200\" height=\"145\" \/><br \/>\nDringend gebraucht werden Tische und B\u00e4nke. Und die haben wir ganz kenial in Kathmandu schreinern lassen. Jetzt hei\u00dft es abholen und aufstellen lassen.<\/p>\n<\/div>\n<div class=\"oneThird last\"><img loading=\"lazy\" decoding=\"async\" class=\"alignnone wp-image-5285 size-full\" src=\"https:\/\/www.kenial.de\/wp-content\/uploads\/2019\/05\/laptop_nep2019.jpg\" alt=\"\" width=\"200\" height=\"145\" \/><br \/>\nDas \u00e4lteste M\u00e4dchen besucht ein College &#8211; wir sind froh, zwei Laptops bringen zu k\u00f6nnen. Einen f\u00fcr sie, einen f\u00fcr das Heim.<\/p>\n<\/div><div class=\"clear\"><\/div>\n<p><strong>Weiter geht es ins New Koplia Heim. <\/strong>Auch dieses Heim liegt mitten in Kathmandu. Hier leben 28 fr\u00f6hliche Kinder an einem friedlichen Ort. Sie alle gehen zur Schule und das Heim lebt ausschlie\u00dflich von Spenden.<\/p>\n<div class=\"oneThird\"><img loading=\"lazy\" decoding=\"async\" class=\"alignnone wp-image-5282 size-full\" src=\"https:\/\/www.kenial.de\/wp-content\/uploads\/2019\/05\/nep_2019_kl.jpg\" alt=\"\" width=\"200\" height=\"145\" \/><br \/>\nWir bringen Daunenjacken, Regenjacken, M\u00e4ppchen, Stifte, Spielzeug f\u00fcr die Kids. Die Jacken kommen von Sprayway, Marmot und Mountain Equipment. M\u00e4ppchen und kleine Tatonkis von Tatonka und die B\u00e4lle von Mikasa.<\/p>\n<\/div>\n<div class=\"oneThird\"><img loading=\"lazy\" decoding=\"async\" class=\"alignnone wp-image-5286 size-full\" src=\"https:\/\/www.kenial.de\/wp-content\/uploads\/2019\/05\/laptop_neo2019.jpg\" alt=\"\" width=\"200\" height=\"145\" \/><br \/>\nZwei Laptops auch hier, f\u00fcr die College Sch\u00fclerinnen. Die spendet uns Secunet. Die Laptop Taschen ganz spontan der DAV. Einfach KENIAL. Danke an alle.<\/p>\n<\/div>\n<div class=\"oneThird last\"><img loading=\"lazy\" decoding=\"async\" class=\"alignnone wp-image-5287 size-full\" src=\"https:\/\/www.kenial.de\/wp-content\/uploads\/2019\/05\/reisende_nep2019.jpg\" alt=\"\" width=\"200\" height=\"140\" \/><br \/>\nAthleten. Machen sich auf zum Mardi Himal. Eine wundersch\u00f6ne Reise mit unz\u00e4hligen Erlebnissen. Und ganz wunderbaren Begegnungen. <\/div><div class=\"clear\"><\/div>\n<div class=\"theParallaxCrestaBlock\"><div class=\"theParallaxCresta fortunato-short-parallax-988\" style=\"background-image: url(https:\/\/www.kenial.de\/wp-content\/uploads\/2019\/05\/nep_2019_paralax.jpg); height:600px;\"><h2><\/h2><\/div><\/div><script type=\"text\/javascript\">(function($) { $(document).ready(function() { if ( \/Android|webOS|iPhone|iPad|iPod|BlackBerry|IEMobile|Opera Mini\/i.test(navigator.userAgent) ) {} else { $(\".fortunato-short-parallax-988\").scrollparallax(\"50%\", \"0.2\"); } }); })(jQuery);<\/script>","protected":false},"excerpt":{"rendered":"<p>Nepal 2016 \u2022 Nepal 2017 \u2022 Nepal 2017 Exped \u2022 Nepal 2018 \u2022 Nepal 2019 \u2022 Nepal 2021 \u2022 Nepal 2022 Wilma und Anke auf dem Weg zum Mardi Himal.\u00a0 Vorher aber geht es in das erste Kinderheim. Gebraucht werden Laptops und neue Tische und B\u00e4nke. Die lassen wir ganz kenial vor Ort schreinern und&hellip;<\/p>\n","protected":false},"author":1,"featured_media":5281,"parent":8308,"menu_order":0,"comment_status":"closed","ping_status":"closed","template":"","meta":{"footnotes":""},"class_list":["post-5280","page","type-page","status-publish","has-post-thumbnail","hentry"],"_links":{"self":[{"href":"https:\/\/www.kenial.de\/de\/wp-json\/wp\/v2\/pages\/5280","targetHints":{"allow":["GET"]}}],"collection":[{"href":"https:\/\/www.kenial.de\/de\/wp-json\/wp\/v2\/pages"}],"about":[{"href":"https:\/\/www.kenial.de\/de\/wp-json\/wp\/v2\/types\/page"}],"author":[{"embeddable":true,"href":"https:\/\/www.kenial.de\/de\/wp-json\/wp\/v2\/users\/1"}],"replies":[{"embeddable":true,"href":"https:\/\/www.kenial.de\/de\/wp-json\/wp\/v2\/comments?post=5280"}],"version-history":[{"count":2,"href":"https:\/\/www.kenial.de\/de\/wp-json\/wp\/v2\/pages\/5280\/revisions"}],"predecessor-version":[{"id":8050,"href":"https:\/\/www.kenial.de\/de\/wp-json\/wp\/v2\/pages\/5280\/revisions\/8050"}],"up":[{"embeddable":true,"href":"https:\/\/www.kenial.de\/de\/wp-json\/wp\/v2\/pages\/8308"}],"wp:featuredmedia":[{"embeddable":true,"href":"https:\/\/www.kenial.de\/de\/wp-json\/wp\/v2\/media\/5281"}],"wp:attachment":[{"href":"https:\/\/www.kenial.de\/de\/wp-json\/wp\/v2\/media?parent=5280"}],"curies":[{"name":"wp","href":"https:\/\/api.w.org\/{rel}","templated":true}]}}