{"id":5128,"date":"2019-02-18T16:46:53","date_gmt":"2019-02-18T15:46:53","guid":{"rendered":"https:\/\/www.kenial.de\/de\/?page_id=5128"},"modified":"2022-12-29T10:53:38","modified_gmt":"2022-12-29T09:53:38","slug":"ukraine-schule","status":"publish","type":"page","link":"https:\/\/www.kenial.de\/de\/kenial\/ukraine\/ukraine-schule\/","title":{"rendered":"Bohorodtschany Schule"},"content":{"rendered":"Eine Schule mit 800 Kindern in Bohorodtschany. Und ein wirklich ambitionierter Lehrer. Es geht um Ourdoor-Sport und Klettern. Die Kinder lernen alles zu den Themen Orientierung, Ausr\u00fcstung, Erste-Hilfe, Seil-Handling usw. Es gibt sogar Wettbewerbe zwischen den Schulen und Universit\u00e4ten. Die Kinder bekommen von uns Bergschuhe, Gurte und Hardware. Dazu Erste-Hilfe Sets f\u00fcr die ganze Schule. Und zwei Laptops. Und es geht immer weiter. Dank Krystyna k\u00f6nnen wir die Sch\u00fcler st\u00e4ndig begleiten, und der Schule 2022 ganze 10 Computer schenken.<\/p>\n<div class=\"oneThird\"><img loading=\"lazy\" decoding=\"async\" class=\"alignnone wp-image-5130 size-full\" src=\"https:\/\/www.kenial.de\/wp-content\/uploads\/2019\/02\/IMG_0491.jpg\" alt=\"\" width=\"200\" height=\"147\" \/><br \/>\nEin engagierter Lehrer f\u00fcr alle interessierten Sch\u00fcler. Danke an die Kletterhallen rund um M\u00fcnchen f\u00fcr die Shirts.<\/p>\n<\/div>\n<div class=\"oneThird\"><img loading=\"lazy\" decoding=\"async\" class=\"alignnone wp-image-5131 size-full\" src=\"https:\/\/www.kenial.de\/wp-content\/uploads\/2019\/02\/IMG_0490.jpg\" alt=\"\" width=\"200\" height=\"147\" \/><br \/>\nRaus geht&#8217;s ins Abenteuer. Zelten, Wandern, Wege finden&#8230; und das im Wettstreit mit anderen Schulen und Universit\u00e4ten.<\/p>\n<\/div>\n<div class=\"oneThird last\"><img loading=\"lazy\" decoding=\"async\" class=\"alignnone wp-image-5129 size-full\" src=\"https:\/\/www.kenial.de\/wp-content\/uploads\/2019\/02\/IMG_0489.jpg\" alt=\"\" width=\"200\" height=\"147\" \/><br \/>\n40 der Kinder klettern auch an den selbstgefertigten Kletterw\u00e4nden der Turnhalle. Alles in Eigenleistung.<\/p>\n<\/div><div class=\"clear\"><\/div>\n<div class=\"oneThird\"><img loading=\"lazy\" decoding=\"async\" class=\"alignnone wp-image-8494 size-full\" src=\"https:\/\/www.kenial.de\/wp-content\/uploads\/2022\/12\/ukraine_1222_kl1.jpg\" alt=\"young climbers ukraine\" width=\"200\" height=\"147\" \/><br \/>\nDer Krieg dauert nun fast ein Jahr und 12 \u00e4ltere Sch\u00fcler sorgen f\u00fcr Ablenkung f\u00fcr die j\u00fcngeren. Sie klettern weiter in der Turnhalle, auch ohne den Lehrer, der l\u00e4ngst eingezogen wurde. Wir versorgen die 12 mit den richtigen Sachen f\u00fcr den Winter.<\/p>\n<\/div>\n<div class=\"oneThird\"><img loading=\"lazy\" decoding=\"async\" class=\"alignnone wp-image-8495 size-full\" src=\"https:\/\/www.kenial.de\/wp-content\/uploads\/2022\/12\/ukraine_1222_kl2.jpg\" alt=\"young climbers ukraine\" width=\"200\" height=\"147\" \/><br \/>\nMit kleinen Wettk\u00e4mpfen und Veramstaltungen an den selbstgebauten Kletterw\u00e4nden sorgen die gro\u00dfen Sch\u00fcler f\u00fcr ein paar sch\u00f6ne Stunden.<\/p>\n<\/div>","protected":false},"excerpt":{"rendered":"<p>Eine Schule mit 800 Kindern in Bohorodtschany. Und ein wirklich ambitionierter Lehrer. Es geht um Ourdoor-Sport und Klettern. Die Kinder lernen alles zu den Themen Orientierung, Ausr\u00fcstung, Erste-Hilfe, Seil-Handling usw. Es gibt sogar Wettbewerbe zwischen den Schulen und Universit\u00e4ten. Die Kinder bekommen von uns Bergschuhe, Gurte und Hardware. Dazu Erste-Hilfe Sets f\u00fcr die ganze Schule.&hellip;<\/p>\n","protected":false},"author":1,"featured_media":5134,"parent":4228,"menu_order":0,"comment_status":"closed","ping_status":"closed","template":"","meta":{"footnotes":""},"class_list":["post-5128","page","type-page","status-publish","has-post-thumbnail","hentry"],"_links":{"self":[{"href":"https:\/\/www.kenial.de\/de\/wp-json\/wp\/v2\/pages\/5128","targetHints":{"allow":["GET"]}}],"collection":[{"href":"https:\/\/www.kenial.de\/de\/wp-json\/wp\/v2\/pages"}],"about":[{"href":"https:\/\/www.kenial.de\/de\/wp-json\/wp\/v2\/types\/page"}],"author":[{"embeddable":true,"href":"https:\/\/www.kenial.de\/de\/wp-json\/wp\/v2\/users\/1"}],"replies":[{"embeddable":true,"href":"https:\/\/www.kenial.de\/de\/wp-json\/wp\/v2\/comments?post=5128"}],"version-history":[{"count":3,"href":"https:\/\/www.kenial.de\/de\/wp-json\/wp\/v2\/pages\/5128\/revisions"}],"predecessor-version":[{"id":8497,"href":"https:\/\/www.kenial.de\/de\/wp-json\/wp\/v2\/pages\/5128\/revisions\/8497"}],"up":[{"embeddable":true,"href":"https:\/\/www.kenial.de\/de\/wp-json\/wp\/v2\/pages\/4228"}],"wp:featuredmedia":[{"embeddable":true,"href":"https:\/\/www.kenial.de\/de\/wp-json\/wp\/v2\/media\/5134"}],"wp:attachment":[{"href":"https:\/\/www.kenial.de\/de\/wp-json\/wp\/v2\/media?parent=5128"}],"curies":[{"name":"wp","href":"https:\/\/api.w.org\/{rel}","templated":true}]}}