{"id":4907,"date":"2018-12-10T21:16:18","date_gmt":"2018-12-10T20:16:18","guid":{"rendered":"https:\/\/www.kenial.de\/de\/?page_id=4907"},"modified":"2022-02-18T09:01:27","modified_gmt":"2022-02-18T08:01:27","slug":"tadschikistan","status":"publish","type":"page","link":"https:\/\/www.kenial.de\/de\/kenial\/tadschikistan\/","title":{"rendered":"Tadschikistan"},"content":{"rendered":"Zwei Projekte unterst\u00fctzen wir mit KENIAL in Tadschikistan. Zum Einen ein Waisenhaus in Rushan. Zum Anderen die Kinder des Projektes EFA in Istaravschan.<\/p>\n<div class=\"oneThird\"><img loading=\"lazy\" decoding=\"async\" class=\"alignnone wp-image-1603 size-full\" src=\"https:\/\/www.kenial.de\/wp-content\/uploads\/2016\/03\/tadji_team.jpg\" alt=\"\" width=\"200\" height=\"148\" \/><br \/>\n2016 ziehen die 6 Bergsteigerinnen des DAV Expeditionskaders ins Pamir Gebirge. Ihr Weg f\u00fchrt sie in das Shadzud Tal, ein Seitental des Gunt in der Region Gorno-Badakshan. Auf ihrem R\u00fcckweg besuchen die Frauen ein Kinderheim in Rushan. Die Kinder bekommen warme Jacken und M\u00fctzen. Danke an Mountain Equipment. Ganz pers\u00f6nlich und direkt. <a href=\"https:\/\/www.kenial.de\/de\/kenial\/tadschikistan-2016\/\">Mehr&#8230;<\/a><\/p>\n<\/div>\n<div class=\"oneThird\"><img loading=\"lazy\" decoding=\"async\" class=\"alignnone wp-image-3631 size-full\" src=\"https:\/\/www.kenial.de\/wp-content\/uploads\/2017\/09\/taji_kids_kl.jpg\" alt=\"\" width=\"200\" height=\"147\" \/><br \/>\n2017 Drei junge Alpinisten starten Ende Juli zum Pik Lenin und werden zudem Teil eines keniales Kinderhilfsprojektes in Istaravschan, Tajikistan. Zusammen mit dem gemeinn\u00fctzigen Verein EFA, der in Tadschikistan ein Bildungszentrum mit Frauenhaus und Kinderheim aufbaut. Danke an marmot mountain europe. <a href=\"https:\/\/www.kenial.de\/de\/kenial\/tadschikistan-2017\/\">More&#8230;<\/a><\/p>\n<\/div>\n<div class=\"oneThird last\"><img loading=\"lazy\" decoding=\"async\" class=\"alignnone wp-image-5694 size-full\" src=\"https:\/\/www.kenial.de\/wp-content\/uploads\/2019\/09\/taji_kl_girl.jpg\" alt=\"\" width=\"200\" height=\"147\" \/><br \/>\nVier junge Alpinisten starten Ende August zum Bolshaya Ganza und unterst\u00fctzen auf dem Weg eine keniales Kinderhilfsprojektes in Zeravshan-2, Tajikistan. Zusammen mit dem Ausw\u00e4rtigen Amt und dem Zust\u00e4ndigen Mitarbeiter f\u00fcr Kinderrechte vor Ort. <a href=\"https:\/\/www.kenial.de\/de\/kenial\/tadschikistan\/tadschikistan-2019\/\">More&#8230;<\/a><\/p>\n<\/div><div class=\"clear\"><\/div>","protected":false},"excerpt":{"rendered":"<p>Zwei Projekte unterst\u00fctzen wir mit KENIAL in Tadschikistan. Zum Einen ein Waisenhaus in Rushan. Zum Anderen die Kinder des Projektes EFA in Istaravschan.<\/p>\n","protected":false},"author":1,"featured_media":5693,"parent":486,"menu_order":0,"comment_status":"closed","ping_status":"closed","template":"","meta":{"footnotes":""},"class_list":["post-4907","page","type-page","status-publish","has-post-thumbnail","hentry"],"_links":{"self":[{"href":"https:\/\/www.kenial.de\/de\/wp-json\/wp\/v2\/pages\/4907","targetHints":{"allow":["GET"]}}],"collection":[{"href":"https:\/\/www.kenial.de\/de\/wp-json\/wp\/v2\/pages"}],"about":[{"href":"https:\/\/www.kenial.de\/de\/wp-json\/wp\/v2\/types\/page"}],"author":[{"embeddable":true,"href":"https:\/\/www.kenial.de\/de\/wp-json\/wp\/v2\/users\/1"}],"replies":[{"embeddable":true,"href":"https:\/\/www.kenial.de\/de\/wp-json\/wp\/v2\/comments?post=4907"}],"version-history":[{"count":1,"href":"https:\/\/www.kenial.de\/de\/wp-json\/wp\/v2\/pages\/4907\/revisions"}],"predecessor-version":[{"id":8004,"href":"https:\/\/www.kenial.de\/de\/wp-json\/wp\/v2\/pages\/4907\/revisions\/8004"}],"up":[{"embeddable":true,"href":"https:\/\/www.kenial.de\/de\/wp-json\/wp\/v2\/pages\/486"}],"wp:featuredmedia":[{"embeddable":true,"href":"https:\/\/www.kenial.de\/de\/wp-json\/wp\/v2\/media\/5693"}],"wp:attachment":[{"href":"https:\/\/www.kenial.de\/de\/wp-json\/wp\/v2\/media?parent=4907"}],"curies":[{"name":"wp","href":"https:\/\/api.w.org\/{rel}","templated":true}]}}