{"id":4888,"date":"2018-12-10T19:48:39","date_gmt":"2018-12-10T18:48:39","guid":{"rendered":"https:\/\/www.kenial.de\/de\/?page_id=4888"},"modified":"2018-12-10T20:04:40","modified_gmt":"2018-12-10T19:04:40","slug":"sri-lanka-2017","status":"publish","type":"page","link":"https:\/\/www.kenial.de\/de\/kenial\/sri-lanka\/sri-lanka-2017\/","title":{"rendered":"Sri Lanka 2017"},"content":{"rendered":"Drei fr\u00f6hliche Bergfexe machen sich im August auf die Suche nach der richtige Welle auf Sri Lanka. Per Backpacking einfach durch das Land streifen und halten, wo es am Sch\u00f6nsten ist. Aber nicht nur das. Zu Beginn besuchen die M\u00e4dels ein UNESO Village und versorgen die Waisen und Grundschulkinder mit Sachen, die die Kids gut brauchen k\u00f6nnen.<\/p>\n<div class=\"oneThird\"><img loading=\"lazy\" decoding=\"async\" class=\"alignnone wp-image-3632 size-full\" src=\"https:\/\/www.kenial.de\/wp-content\/uploads\/2017\/09\/srilanka_kids_kl.jpg\" alt=\"\" width=\"200\" height=\"147\" \/><br \/>\nWir unterst\u00fctzen 10 Waisenm\u00e4dchen in einem Waisenhaus eines UNESCO Village auf Sri Lanka, und die 70 Grundschulkinder. Danke f\u00fcr die Unterst\u00fctzung an Tatonka, schuhfilou und maloja!<\/p>\n<\/div>\n<div class=\"oneThird\"><img loading=\"lazy\" decoding=\"async\" class=\"alignnone wp-image-3492 size-full\" src=\"https:\/\/www.kenial.de\/wp-content\/uploads\/2017\/07\/sri_lanka_k\u00fcste.jpg\" alt=\"\" width=\"200\" height=\"147\" \/><br \/>\nZiel ist der Weg. Backpacking, Trecking, Surfen. Einfach mit dem gro\u00dfen Rucksack Sri Lanka auf eigene Faust entdecken.<\/p>\n<\/div>\n<div class=\"oneThird last\"><img loading=\"lazy\" decoding=\"async\" class=\"alignnone wp-image-3454 size-full\" src=\"https:\/\/www.kenial.de\/wp-content\/uploads\/2017\/07\/madel1.jpg\" alt=\"\" width=\"200\" height=\"147\" \/><br \/>\nAthleten. Leonie, Natalie und Johanna starten im August nach Sri Lanka. Von Colombo aus geht es zun\u00e4chst ins UNESCO Village und zu den Kids. Dann kreuz und quer \u00fcber die Insel. Und abschlie\u00dfend wollen die M\u00e4desl aus dem Alpenvorland die richtige Welle finden&#8230;<br \/>\n<span class=\"dropcap circle\"> G<\/span><a href=\"https:\/\/www.kenial.de\/de\/kenial\/sri-lanka\/sri-lanka-2017\/galerie-sri-lanka\/\">alerie<\/a><\/p>\n<\/div><div class=\"clear\"><\/div>\n<div class=\"oneThird\"><img loading=\"lazy\" decoding=\"async\" class=\"alignnone wp-image-3453 size-full\" src=\"https:\/\/www.kenial.de\/wp-content\/uploads\/2017\/07\/srilanka_logo.jpg\" alt=\"\" width=\"200\" height=\"147\" \/><br \/>\nKontakt in Deutschland. Elfirede leitet den Verein Zukunft-f\u00fcr-Kinder.e.V. Sie flog bereits 2004 nach Sri Lanka &#8211; gleich nach dem verheerenden Tsunami &#8211; und koordinierte vor Ort erste Hilfsma\u00dfnahmen. Aus denen schlie\u00dflich das ganze UNESCO Dorf entstand.<\/p>\n<\/div>\n<div class=\"oneThird last\"><img loading=\"lazy\" decoding=\"async\" class=\"alignnone wp-image-3452 size-full\" src=\"https:\/\/www.kenial.de\/wp-content\/uploads\/2017\/07\/sri_lanka_kids3.jpg\" alt=\"\" width=\"200\" height=\"147\" \/><br \/>\nAufgebaut wurde das Dorf von dem Verein Zukunft-f\u00fcr-Kinder.e.V. nach dem gro\u00dfen Tsunami. Das UNESCO Village besteht aus 54 Wohngeb\u00e4uden, 2 Waisenh\u00e4usern, einem Kindergarten, 4 Schulgeb\u00e4uden und mehr. <a href=\"http:\/\/www.future-for-children.info\/\" target=\"_blank\" rel=\"noopener\">http:\/\/www.future-for-children.info\/<\/a><\/p>\n<\/div><div class=\"clear\"><\/div>\n<div class=\"theParallaxCrestaBlock\"><div class=\"theParallaxCresta fortunato-short-parallax-338\" style=\"background-image: url(https:\/\/www.kenial.de\/wp-content\/uploads\/2017\/07\/sri_lanka-river.jpg); height:600px;\"><h2><\/h2><\/div><\/div><script type=\"text\/javascript\">(function($) { $(document).ready(function() { if ( \/Android|webOS|iPhone|iPad|iPod|BlackBerry|IEMobile|Opera Mini\/i.test(navigator.userAgent) ) {} else { $(\".fortunato-short-parallax-338\").scrollparallax(\"50%\", \"0.2\"); } }); })(jQuery);<\/script>","protected":false},"excerpt":{"rendered":"<p>Drei fr\u00f6hliche Bergfexe machen sich im August auf die Suche nach der richtige Welle auf Sri Lanka. Per Backpacking einfach durch das Land streifen und halten, wo es am Sch\u00f6nsten ist. Aber nicht nur das. Zu Beginn besuchen die M\u00e4dels ein UNESO Village und versorgen die Waisen und Grundschulkinder mit Sachen, die die Kids gut&hellip;<\/p>\n","protected":false},"author":1,"featured_media":3633,"parent":3449,"menu_order":0,"comment_status":"closed","ping_status":"closed","template":"","meta":{"footnotes":""},"class_list":["post-4888","page","type-page","status-publish","has-post-thumbnail","hentry"],"_links":{"self":[{"href":"https:\/\/www.kenial.de\/de\/wp-json\/wp\/v2\/pages\/4888","targetHints":{"allow":["GET"]}}],"collection":[{"href":"https:\/\/www.kenial.de\/de\/wp-json\/wp\/v2\/pages"}],"about":[{"href":"https:\/\/www.kenial.de\/de\/wp-json\/wp\/v2\/types\/page"}],"author":[{"embeddable":true,"href":"https:\/\/www.kenial.de\/de\/wp-json\/wp\/v2\/users\/1"}],"replies":[{"embeddable":true,"href":"https:\/\/www.kenial.de\/de\/wp-json\/wp\/v2\/comments?post=4888"}],"version-history":[{"count":0,"href":"https:\/\/www.kenial.de\/de\/wp-json\/wp\/v2\/pages\/4888\/revisions"}],"up":[{"embeddable":true,"href":"https:\/\/www.kenial.de\/de\/wp-json\/wp\/v2\/pages\/3449"}],"wp:featuredmedia":[{"embeddable":true,"href":"https:\/\/www.kenial.de\/de\/wp-json\/wp\/v2\/media\/3633"}],"wp:attachment":[{"href":"https:\/\/www.kenial.de\/de\/wp-json\/wp\/v2\/media?parent=4888"}],"curies":[{"name":"wp","href":"https:\/\/api.w.org\/{rel}","templated":true}]}}