{"id":4650,"date":"2018-10-24T21:12:41","date_gmt":"2018-10-24T19:12:41","guid":{"rendered":"https:\/\/www.kenial.de\/de\/?page_id=4650"},"modified":"2024-08-23T09:45:51","modified_gmt":"2024-08-23T07:45:51","slug":"guatemala","status":"publish","type":"page","link":"https:\/\/www.kenial.de\/de\/kenial\/guatemala\/","title":{"rendered":"Guatemala"},"content":{"rendered":"Zwei starke Kletterfrauen auf dem Weg durch Guatemala. Auf ihrer Treckingreise machen sich Marina und Elisa auf in das Hochland Guatemalas. Und werden ein neues, keniales Projekt in San Cristobal er\u00f6ffnen. Sie besuchen ein Kinderheim vor Ort und bringen den Kindern das mit, was Sinn macht. Pers\u00f6nlich und direkt. Erster Besuch ist im Dezember 2018. Aber wir haben weitere Sachen: Rucks\u00e4cke f\u00fcr die Kinder, hoffentlich Decken. Wer macht sich auf den Weg?<\/p>\n<div class=\"oneThird\"><img loading=\"lazy\" decoding=\"async\" class=\"alignnone wp-image-4662 size-full\" src=\"https:\/\/www.kenial.de\/wp-content\/uploads\/2018\/10\/guatemala_kids.jpg\" alt=\"\" width=\"200\" height=\"140\" \/><br \/>\nDie Kinder. 28 Jungen und M\u00e4dchen zwischen 7 und 20 Jahren. Es sind Kinder, die aus besonders harten Verh\u00e4ltnissen stammen. Waisenkinder, behinderte, verlassene und misshandelte Kinder.<\/p>\n<\/div>\n<div class=\"oneThird\"><img loading=\"lazy\" decoding=\"async\" class=\"alignnone wp-image-4988 size-full\" src=\"https:\/\/www.kenial.de\/wp-content\/uploads\/2019\/01\/guat_aca_kl.jpg\" alt=\"\" width=\"200\" height=\"140\" \/><br \/>\nDie Reisenden. Marina und Elisa ziehen los. Rucksack auf und 28 Paar feste Schuhe dazu. Wenn unsere Pl\u00e4ne alle klappen. T-Shirts und ein kleines Kuscheltier.<\/p>\n<\/div>\n<div class=\"oneThird last\"><img loading=\"lazy\" decoding=\"async\" class=\"alignnone wp-image-4661 size-full\" src=\"https:\/\/www.kenial.de\/wp-content\/uploads\/2018\/10\/raw-e1540471590640.jpg\" alt=\"\" width=\"200\" height=\"140\" \/><br \/>\nAnsprechpartner. Dorle ist immer f\u00fcr uns erreichbar. Sie f\u00fchrt den Verein Projekthilfe Guatemala. <a href=\"http:\/\/www.progua.com\/\" target=\"_blank\" rel=\"noopener\">http:\/\/www.progua.com\/<\/a>. Man kann mit dem Verein auch eine Patenschaft f\u00fcr ein Kind \u00fcbernehmen. Einfach mal reinschauen.<\/p>\n<\/div><div class=\"clear\"><\/div>\n<div class=\"oneThird last\"><img loading=\"lazy\" decoding=\"async\" src=\"https:\/\/www.kenial.de\/wp-content\/uploads\/2024\/08\/gua2024_kl.jpg\" alt=\"\" width=\"200\" height=\"147\" class=\"alignnone size-full wp-image-9698\" \/><br \/>\nIm August 2024 erst erreichen wir mit Reisenden erneut das Kinderheim. Und mit im Gep\u00e4ck jede Menge Jacken und warme Westen. Wir hoffen dringend auf weitere Reisende ins Land.<\/p>\n<\/div><div class=\"clear\"><\/div>\n<div class=\"theParallaxCrestaBlock\"><div class=\"theParallaxCresta fortunato-short-parallax-163\" style=\"background-image: url(https:\/\/www.kenial.de\/wp-content\/uploads\/2018\/10\/guatemala_paralax.jpg); height:400px;\"><h2><\/h2><\/div><\/div><script type=\"text\/javascript\">(function($) { $(document).ready(function() { if ( \/Android|webOS|iPhone|iPad|iPod|BlackBerry|IEMobile|Opera Mini\/i.test(navigator.userAgent) ) {} else { $(\".fortunato-short-parallax-163\").scrollparallax(\"50%\", \"0.2\"); } }); })(jQuery);<\/script>","protected":false},"excerpt":{"rendered":"<p>Zwei starke Kletterfrauen auf dem Weg durch Guatemala. Auf ihrer Treckingreise machen sich Marina und Elisa auf in das Hochland Guatemalas. Und werden ein neues, keniales Projekt in San Cristobal er\u00f6ffnen. Sie besuchen ein Kinderheim vor Ort und bringen den Kindern das mit, was Sinn macht. Pers\u00f6nlich und direkt. Erster Besuch ist im Dezember 2018.&hellip;<\/p>\n","protected":false},"author":1,"featured_media":4660,"parent":486,"menu_order":0,"comment_status":"closed","ping_status":"closed","template":"","meta":{"footnotes":""},"class_list":["post-4650","page","type-page","status-publish","has-post-thumbnail","hentry"],"_links":{"self":[{"href":"https:\/\/www.kenial.de\/de\/wp-json\/wp\/v2\/pages\/4650","targetHints":{"allow":["GET"]}}],"collection":[{"href":"https:\/\/www.kenial.de\/de\/wp-json\/wp\/v2\/pages"}],"about":[{"href":"https:\/\/www.kenial.de\/de\/wp-json\/wp\/v2\/types\/page"}],"author":[{"embeddable":true,"href":"https:\/\/www.kenial.de\/de\/wp-json\/wp\/v2\/users\/1"}],"replies":[{"embeddable":true,"href":"https:\/\/www.kenial.de\/de\/wp-json\/wp\/v2\/comments?post=4650"}],"version-history":[{"count":1,"href":"https:\/\/www.kenial.de\/de\/wp-json\/wp\/v2\/pages\/4650\/revisions"}],"predecessor-version":[{"id":9699,"href":"https:\/\/www.kenial.de\/de\/wp-json\/wp\/v2\/pages\/4650\/revisions\/9699"}],"up":[{"embeddable":true,"href":"https:\/\/www.kenial.de\/de\/wp-json\/wp\/v2\/pages\/486"}],"wp:featuredmedia":[{"embeddable":true,"href":"https:\/\/www.kenial.de\/de\/wp-json\/wp\/v2\/media\/4660"}],"wp:attachment":[{"href":"https:\/\/www.kenial.de\/de\/wp-json\/wp\/v2\/media?parent=4650"}],"curies":[{"name":"wp","href":"https:\/\/api.w.org\/{rel}","templated":true}]}}