{"id":4228,"date":"2018-05-25T18:18:18","date_gmt":"2018-05-25T16:18:18","guid":{"rendered":"https:\/\/www.kenial.de\/de\/?page_id=4228"},"modified":"2024-02-28T15:31:40","modified_gmt":"2024-02-28T14:31:40","slug":"ukraine","status":"publish","type":"page","link":"https:\/\/www.kenial.de\/de\/kenial\/ukraine\/","title":{"rendered":"Ukraine"},"content":{"rendered":"In der Ukraine haben wir gleich drei keniale Projekte. Ein M\u00fctter-\/Kinderheim in Horoholyno, ein Kinderheim in Iwano-Frankiwsk, eine Schule mit einem unglaublich engagierten Lehrer in Bohorodtschany. Wir fruen uns den Kindern, jungen M\u00fcttern und den Sch\u00fclern ganz unterschiedlich helfen zu k\u00f6nnen. Je nachdem, was am n\u00f6tigsten gebraucht wird.<\/p>\n<p>&nbsp;<\/p>\n<div class=\"oneThird\"><img loading=\"lazy\" decoding=\"async\" class=\"alignnone wp-image-4416 size-full\" src=\"https:\/\/www.kenial.de\/wp-content\/uploads\/2018\/07\/ukraine_kl.jpg\" alt=\"\" width=\"200\" height=\"140\" \/><br \/>\nEin M\u00fctter-\/Kinderheim in Horoholyno. Die jungen M\u00fctter haben oftmals viel Gewalt erfahren, und das Heim ist Zufluchtsort und zu Hause geworden. Das \u00e4lteste Kind ist 15. Die j\u00fcngste Mutter 12 Jahre alt. <a href=\"https:\/\/www.kenial.de\/de\/ukraine\/horoholyno\/\">Mehr&#8230;<\/a><\/p>\n<\/div>\n<div class=\"oneThird\"><img loading=\"lazy\" decoding=\"async\" class=\"alignnone wp-image-5599 size-full\" src=\"https:\/\/www.kenial.de\/wp-content\/uploads\/2019\/08\/kids-iwano_kl.jpg\" alt=\"\" width=\"200\" height=\"147\" \/><br \/>\nEin Kinderheim in Iwano-Frankiwsk, einer 200,000 Einwohner gro\u00dfen Stadt in the Ukraine. Hier leben 28 Kinder. Das Heim wird von kathoischen Nonnen gef\u00fchrt. <a href=\"https:\/\/www.kenial.de\/de\/ukraine\/iwano-frankiwsk\/\">Mehr&#8230;<\/a><\/p>\n<\/div>\n<div class=\"oneThird last\"><img loading=\"lazy\" decoding=\"async\" class=\"alignnone wp-image-5130 size-full\" src=\"https:\/\/www.kenial.de\/wp-content\/uploads\/2019\/02\/IMG_0491.jpg\" alt=\"\" width=\"200\" height=\"147\" \/><br \/>\nEine Schule in Bohorodtschany. Ein wirklich engagierter Lehrer baut die Turnhalle um zum Kletterzentrum, macht Ausfl\u00fcge uvm. <a href=\"https:\/\/www.kenial.de\/de\/ukraine\/ukraine-schule\/\">Mehr&#8230;<\/a><\/p>\n<\/div><div class=\"clear\"><\/div>\n<div class=\"oneThird\"><img loading=\"lazy\" decoding=\"async\" class=\"alignnone wp-image-5599 size-full\" src=\"https:\/\/www.kenial.de\/wp-content\/uploads\/2024\/02\/ukraine224_kl3.jpg\" alt=\"\" width=\"200\" height=\"147\" \/><br \/>\nEin ganz besonderes Projekt in der Ukraine unterst\u00fctzt Schulen mit Klettergruppen. Wir d\u00fcrfen viele LOWA Schuhe an die Schulen verteilen <a href=\"https:\/\/www.kenial.de\/de\/kenial\/ukraine\/klettern-in-schulen\/\">Mehr&#8230;<\/a><\/p>\n<\/div>","protected":false},"excerpt":{"rendered":"<p>In der Ukraine haben wir gleich drei keniale Projekte. Ein M\u00fctter-\/Kinderheim in Horoholyno, ein Kinderheim in Iwano-Frankiwsk, eine Schule mit einem unglaublich engagierten Lehrer in Bohorodtschany. Wir fruen uns den Kindern, jungen M\u00fcttern und den Sch\u00fclern ganz unterschiedlich helfen zu k\u00f6nnen. Je nachdem, was am n\u00f6tigsten gebraucht wird. &nbsp;<\/p>\n","protected":false},"author":1,"featured_media":5604,"parent":486,"menu_order":0,"comment_status":"closed","ping_status":"closed","template":"","meta":{"footnotes":""},"class_list":["post-4228","page","type-page","status-publish","has-post-thumbnail","hentry"],"_links":{"self":[{"href":"https:\/\/www.kenial.de\/de\/wp-json\/wp\/v2\/pages\/4228","targetHints":{"allow":["GET"]}}],"collection":[{"href":"https:\/\/www.kenial.de\/de\/wp-json\/wp\/v2\/pages"}],"about":[{"href":"https:\/\/www.kenial.de\/de\/wp-json\/wp\/v2\/types\/page"}],"author":[{"embeddable":true,"href":"https:\/\/www.kenial.de\/de\/wp-json\/wp\/v2\/users\/1"}],"replies":[{"embeddable":true,"href":"https:\/\/www.kenial.de\/de\/wp-json\/wp\/v2\/comments?post=4228"}],"version-history":[{"count":4,"href":"https:\/\/www.kenial.de\/de\/wp-json\/wp\/v2\/pages\/4228\/revisions"}],"predecessor-version":[{"id":9380,"href":"https:\/\/www.kenial.de\/de\/wp-json\/wp\/v2\/pages\/4228\/revisions\/9380"}],"up":[{"embeddable":true,"href":"https:\/\/www.kenial.de\/de\/wp-json\/wp\/v2\/pages\/486"}],"wp:featuredmedia":[{"embeddable":true,"href":"https:\/\/www.kenial.de\/de\/wp-json\/wp\/v2\/media\/5604"}],"wp:attachment":[{"href":"https:\/\/www.kenial.de\/de\/wp-json\/wp\/v2\/media?parent=4228"}],"curies":[{"name":"wp","href":"https:\/\/api.w.org\/{rel}","templated":true}]}}