{"id":4136,"date":"2018-04-03T10:27:19","date_gmt":"2018-04-03T08:27:19","guid":{"rendered":"https:\/\/www.kenial.de\/de\/?page_id=4136"},"modified":"2021-09-05T11:52:13","modified_gmt":"2021-09-05T09:52:13","slug":"albanien","status":"publish","type":"page","link":"https:\/\/www.kenial.de\/de\/kenial\/albanien-2\/","title":{"rendered":"Albanien"},"content":{"rendered":"<a href=\"https:\/\/www.kenial.de\/de\/kenial\/albanien-2\/albanien-2017\/\">Albanien 2017<\/a> \u2022 <a href=\"https:\/\/www.kenial.de\/de\/kenial\/albanien-2\/albanien-2019\/\">Albanien 2019<\/a> \u2022 <a href=\"https:\/\/www.kenial.de\/de\/albanien-2020\/\">Albanien 2020<\/a> \u2022 <a href=\"https:\/\/www.kenial.de\/de\/albanien-2021\/\">Albanien 2021<\/a><\/p>\n<p>Gleich eine ganze Eishockey Mannschaft startet 2017 zu einer kurzen Reise nach Albanien. Unser keniales Projekt in Elbasan startet. Dort versorgen die Jungs Waisenkinder mit Kleidung und Winterschuhen. Marsis selbst transportiert f\u00fcr uns einen Laptop. Leonie und Tommy folgen 2019 und besuchen das Heim erneut, mit weiterer KLeidung und einem Laptop.<\/p>\n<p>&nbsp;<\/p>\n<div class=\"oneThird\"><img loading=\"lazy\" decoding=\"async\" class=\"alignnone wp-image-5770 size-full\" src=\"https:\/\/www.kenial.de\/wp-content\/uploads\/2019\/10\/alb_kids_kl.jpg\" alt=\"\" width=\"200\" height=\"147\" \/><br \/>\nDie Kinder. 27 Jungen und M\u00e4dchen ab 6 Jahren. Dazu ein M\u00e4dchenhaus, in dem junge Frauen ab 15 Jahre gemeinsam leben. Die Kinder sind alle Waisenun werden vom Verein &#8222;Albanienhilfe Weilheim&#8220; unterst\u00fctzt.<\/p>\n<\/div>\n<div class=\"oneThird\"><img loading=\"lazy\" decoding=\"async\" class=\"alignnone wp-image-5778 size-full\" src=\"https:\/\/www.kenial.de\/wp-content\/uploads\/2019\/10\/eisockey2-147x200.jpg\" alt=\"\" width=\"200\" height=\"147\" \/><br \/>\nDie Reisenden. Andreas startet aus dem Chiemgau mit den Dorfener Eisb\u00e4ren, Leonie und Tommy folgen zwei Jahre sp\u00e4ter.<\/p>\n<\/div>\n<div class=\"oneThird last\"><img loading=\"lazy\" decoding=\"async\" class=\"alignnone wp-image-5769 size-full\" src=\"https:\/\/www.kenial.de\/wp-content\/uploads\/2019\/10\/Kenial_Albanien_marsid.jpg\" alt=\"\" width=\"200\" height=\"147\" \/><br \/>\nAnsprechpartner. Marsid vor Ort ist immer f\u00fcr uns erreichbar. Er macht das Heim zu einem wunderbaren Ort, andem die Kinder sorglos und gut beh\u00fctet aufwachsen k\u00f6nnen.<\/p>\n<\/div><div class=\"clear\"><\/div>","protected":false},"excerpt":{"rendered":"<p>Albanien 2017 \u2022 Albanien 2019 \u2022 Albanien 2020 \u2022 Albanien 2021 Gleich eine ganze Eishockey Mannschaft startet 2017 zu einer kurzen Reise nach Albanien. Unser keniales Projekt in Elbasan startet. Dort versorgen die Jungs Waisenkinder mit Kleidung und Winterschuhen. Marsis selbst transportiert f\u00fcr uns einen Laptop. Leonie und Tommy folgen 2019 und besuchen das Heim&hellip;<\/p>\n","protected":false},"author":1,"featured_media":5763,"parent":486,"menu_order":0,"comment_status":"closed","ping_status":"closed","template":"","meta":{"footnotes":""},"class_list":["post-4136","page","type-page","status-publish","has-post-thumbnail","hentry"],"_links":{"self":[{"href":"https:\/\/www.kenial.de\/de\/wp-json\/wp\/v2\/pages\/4136","targetHints":{"allow":["GET"]}}],"collection":[{"href":"https:\/\/www.kenial.de\/de\/wp-json\/wp\/v2\/pages"}],"about":[{"href":"https:\/\/www.kenial.de\/de\/wp-json\/wp\/v2\/types\/page"}],"author":[{"embeddable":true,"href":"https:\/\/www.kenial.de\/de\/wp-json\/wp\/v2\/users\/1"}],"replies":[{"embeddable":true,"href":"https:\/\/www.kenial.de\/de\/wp-json\/wp\/v2\/comments?post=4136"}],"version-history":[{"count":0,"href":"https:\/\/www.kenial.de\/de\/wp-json\/wp\/v2\/pages\/4136\/revisions"}],"up":[{"embeddable":true,"href":"https:\/\/www.kenial.de\/de\/wp-json\/wp\/v2\/pages\/486"}],"wp:featuredmedia":[{"embeddable":true,"href":"https:\/\/www.kenial.de\/de\/wp-json\/wp\/v2\/media\/5763"}],"wp:attachment":[{"href":"https:\/\/www.kenial.de\/de\/wp-json\/wp\/v2\/media?parent=4136"}],"curies":[{"name":"wp","href":"https:\/\/api.w.org\/{rel}","templated":true}]}}