{"id":3850,"date":"2017-11-30T22:18:34","date_gmt":"2017-11-30T21:18:34","guid":{"rendered":"https:\/\/www.kenial.de\/de\/?page_id=3850"},"modified":"2025-07-24T10:12:33","modified_gmt":"2025-07-24T08:12:33","slug":"kenia-2017","status":"publish","type":"page","link":"https:\/\/www.kenial.de\/de\/kenial\/kenia\/kenia-2017\/","title":{"rendered":"Kenia 2017"},"content":{"rendered":"<a href=\"https:\/\/www.kenial.de\/de\/kenial\/kenia\/kenia-2015\/\">Kenia 2015<\/a> \u2022 <a href=\"https:\/\/www.kenial.de\/de\/kenial\/kenia\/kenia-2016\/\">Kenia 2016<\/a> \u2022 Kenia 2017 \u2022 <a href=\"https:\/\/www.kenial.de\/de\/kenial\/kenia\/kenia-2019\/\">Kenia 2019<\/a> \u2022 <a href=\"https:\/\/www.kenial.de\/de\/kenial\/kenia\/kenia-2020\/\">Kenia 2020<\/a> \u2022 <a href=\"https:\/\/www.kenial.de\/de\/kenial\/kenia\/kenia-2021\/\">Kenia 2021<\/a> \u2022 <a href=\"https:\/\/www.kenial.de\/de\/kenial\/kenia\/kenia-2022\/\">Kenia 2022<\/a> \u2022 <a href=\"https:\/\/www.kenial.de\/de\/kenial\/kenia\/kenia-2023\/\">Kenia 2023<\/a> \u2022 <a href=\"https:\/\/www.kenial.de\/de\/kenial\/kenia\/kenia-2024\/\">Kenia 2024<\/a> \u2022 <a href=\"https:\/\/www.kenial.de\/de\/kenial\/kenia\/kenia-2025\/\">Kenia 2025<\/a><\/p>\n<p>In Nakuru, Kenia, sind 17 neue Waisenkinder zur NGO Utunzu Kwa Watoto hinzugekommen. Sie brauchen einen Rucksack f\u00fcr die Schulsachen, feste Schuhe und eine gute, wetterfeste Jacke. Ganz lieben Dank an LOWA, Tatonka und Marmot Mountain Europe f\u00fcr die gro\u00dfartige Unterst\u00fctzung bei diesem Kinderhilfsprojekt in Kenia. \u00dcberbringen wird die Sachen Helli Gargitter, auf seinem Weg nach Kenia. Wir freuen uns auf Bilder und warme Kids. Einfach kenial. Danke an Bena f\u00fcr die Organisation in Nakuru, und daf\u00fcr, dass sie f\u00fcr alle Kids so wunderbar sorgt.<\/p>\n<p>&nbsp;<\/p>\n<div class=\"oneThird\"><img loading=\"lazy\" decoding=\"async\" class=\"alignnone size-full wp-image-3861\" src=\"https:\/\/www.kenial.de\/wp-content\/uploads\/2017\/11\/kenia_kl-2.jpg\" alt=\"\" width=\"200\" height=\"148\" \/><br \/>\nDanke an LOWA und den unerm\u00fcdlichen Arthur f\u00fcr die phantastische Spende von so vielen Bergschuhe. An Lukas und Marmot f\u00fcr die Jacken, und an Wolfgang und Michael f\u00fcr die Rucks\u00e4cke und Tatonkis!<\/p>\n<\/div>\n<div class=\"oneThird\"><img loading=\"lazy\" decoding=\"async\" class=\"alignnone size-full wp-image-3859\" src=\"https:\/\/www.kenial.de\/wp-content\/uploads\/2017\/11\/bena_kl-1.jpg\" alt=\"\" width=\"200\" height=\"148\" \/><br \/>\nNakuru. Danke Bena. Sie wird da\u00fcr sorgen, dass die Kinder alles bekommen. Und f\u00fcr ein paar gr\u00f6\u00dfere Jungs sind auch neue Schuhe dabei.<\/p>\n<\/div>\n<div class=\"oneThird last\"><img loading=\"lazy\" decoding=\"async\" class=\"alignnone wp-image-3956 size-full\" src=\"https:\/\/www.kenial.de\/wp-content\/uploads\/2017\/11\/IMG_3853_kl.jpg\" alt=\"\" width=\"200\" height=\"147\" \/><br \/>\nKletterer. Helli Gargitter wird am Mount Kenya klettern. Und im Anschluss mit Bena die Kinder besuchen. Und ihnen die Sachen bringen. Ganz pers\u00f6nlich und direkt. <a href=\"https:\/\/www.kenial.de\/de\/kenial\/kenia\/kenia-2017\/galerie-kenia-2017\/\"><span class=\"dropcap circle\">G<\/span>Gallery 2017<\/a><\/p>\n<\/div><div class=\"clear\"><\/div>\n<div class=\"oneThird\"><img loading=\"lazy\" decoding=\"async\" class=\"alignnone wp-image-3858 size-full\" src=\"https:\/\/www.kenial.de\/wp-content\/uploads\/2017\/11\/IMG_2743_kl-1.jpg\" alt=\"\" width=\"200\" height=\"148\" \/><br \/>\nSobald die Kinder bei Utunzi Kwa Watoto aufgenommen werden, k\u00fcmmert sich Bena um sie. Sie erhalten Schulbildung, essen, werden medizinisch versorgt.<\/p>\n<\/div>\n<div class=\"oneThird\"><img loading=\"lazy\" decoding=\"async\" class=\"alignnone wp-image-3954 size-full\" src=\"https:\/\/www.kenial.de\/wp-content\/uploads\/2017\/11\/IMG_3824_kenya_kl.jpg\" alt=\"\" width=\"200\" height=\"147\" \/><br \/>\nWir unterst\u00fctzen Bena und die Kinder mit dem Einfachsten. Gute Schuhe, eine warme Jacke, ein Rucksack. f\u00fcr den Weg zur Schule, die Zeiten draussen.<\/p>\n<\/div>\n<div class=\"theParallaxCrestaBlock\"><div class=\"theParallaxCresta fortunato-short-parallax-846\" style=\"background-image: url(https:\/\/www.kenial.de\/wp-content\/uploads\/2017\/11\/IMG_E2727.jpg); height:1080px;\"><h2><\/h2><\/div><\/div><script type=\"text\/javascript\">(function($) { $(document).ready(function() { if ( \/Android|webOS|iPhone|iPad|iPod|BlackBerry|IEMobile|Opera Mini\/i.test(navigator.userAgent) ) {} else { $(\".fortunato-short-parallax-846\").scrollparallax(\"50%\", \"0.2\"); } }); })(jQuery);<\/script>","protected":false},"excerpt":{"rendered":"<p>Kenia 2015 \u2022 Kenia 2016 \u2022 Kenia 2017 \u2022 Kenia 2019 \u2022 Kenia 2020 \u2022 Kenia 2021 \u2022 Kenia 2022 \u2022 Kenia 2023 \u2022 Kenia 2024 \u2022 Kenia 2025 In Nakuru, Kenia, sind 17 neue Waisenkinder zur NGO Utunzu Kwa Watoto hinzugekommen. Sie brauchen einen Rucksack f\u00fcr die Schulsachen, feste Schuhe und eine gute, wetterfeste&hellip;<\/p>\n","protected":false},"author":1,"featured_media":3839,"parent":606,"menu_order":0,"comment_status":"closed","ping_status":"closed","template":"","meta":{"footnotes":""},"class_list":["post-3850","page","type-page","status-publish","has-post-thumbnail","hentry"],"_links":{"self":[{"href":"https:\/\/www.kenial.de\/de\/wp-json\/wp\/v2\/pages\/3850","targetHints":{"allow":["GET"]}}],"collection":[{"href":"https:\/\/www.kenial.de\/de\/wp-json\/wp\/v2\/pages"}],"about":[{"href":"https:\/\/www.kenial.de\/de\/wp-json\/wp\/v2\/types\/page"}],"author":[{"embeddable":true,"href":"https:\/\/www.kenial.de\/de\/wp-json\/wp\/v2\/users\/1"}],"replies":[{"embeddable":true,"href":"https:\/\/www.kenial.de\/de\/wp-json\/wp\/v2\/comments?post=3850"}],"version-history":[{"count":6,"href":"https:\/\/www.kenial.de\/de\/wp-json\/wp\/v2\/pages\/3850\/revisions"}],"predecessor-version":[{"id":10131,"href":"https:\/\/www.kenial.de\/de\/wp-json\/wp\/v2\/pages\/3850\/revisions\/10131"}],"up":[{"embeddable":true,"href":"https:\/\/www.kenial.de\/de\/wp-json\/wp\/v2\/pages\/606"}],"wp:featuredmedia":[{"embeddable":true,"href":"https:\/\/www.kenial.de\/de\/wp-json\/wp\/v2\/media\/3839"}],"wp:attachment":[{"href":"https:\/\/www.kenial.de\/de\/wp-json\/wp\/v2\/media?parent=3850"}],"curies":[{"name":"wp","href":"https:\/\/api.w.org\/{rel}","templated":true}]}}