{"id":3766,"date":"2017-11-13T10:40:18","date_gmt":"2017-11-13T09:40:18","guid":{"rendered":"https:\/\/www.kenial.de\/de\/?page_id=3766"},"modified":"2025-12-07T13:05:20","modified_gmt":"2025-12-07T12:05:20","slug":"nepal-2017-expedition","status":"publish","type":"page","link":"https:\/\/www.kenial.de\/de\/kenial\/nepal\/nepal-2017-expedition\/","title":{"rendered":"Nepal 2017 Expedition"},"content":{"rendered":"<a href=\"https:\/\/www.kenial.de\/de\/kenial\/nepal\/nepal-2016\/\">Nepal 2016<\/a> \u2022 <a href=\"https:\/\/www.kenial.de\/de\/kenial\/nepal\/nepal-2017\/\">Nepal 2017<\/a> \u2022 Nepal 2017 Exped \u2022 <a href=\"https:\/\/www.kenial.de\/de\/kenial\/nepal\/nepal-2018\/\">Nepal 2018<\/a> \u2022 <a href=\"https:\/\/www.kenial.de\/de\/kenial\/nepal\/nepal-2019\/\">Nepal 2019<\/a> \u2022 <a href=\"https:\/\/www.kenial.de\/de\/kenial\/nepal\/nepal-2021\/\">Nepal 2021<\/a> \u2022 <a href=\"https:\/\/www.kenial.de\/de\/kenial\/nepal\/nepal-2022\/\">Nepal 2022<\/a><\/p>\n<p>Sechs Jungs machen sich im Oktober 2017 auf den Weg in den abgelegenen Mugu Dirstikt in Nepal. Eine kleine Expedition, die es zum Ziel hat, einige Berge im nordwesten Nepals, entlang der tibetischen Grenze, zu besteigen.<\/p>\n<div class=\"oneThird\"><img loading=\"lazy\" decoding=\"async\" class=\"alignnone wp-image-3801 size-full\" src=\"https:\/\/www.kenial.de\/wp-content\/uploads\/2017\/11\/np_kids_kl.jpg\" alt=\"\" width=\"200\" height=\"147\" \/><br \/>\nAuf ihrem R\u00fcckweg besuchen sie die Kinder im Kinderheim. F\u00fcr die Kinder ein fest. Soviel Besucher und so gro\u00dfartige Geschenke. Danke an Pramilla f\u00fcr die Organisation vor Ort.<\/p>\n<\/div>\n<div class=\"oneThird\"><img loading=\"lazy\" decoding=\"async\" class=\"alignnone wp-image-3802 size-full\" src=\"https:\/\/www.kenial.de\/wp-content\/uploads\/2017\/11\/kids_np_kl1.jpg\" alt=\"\" width=\"200\" height=\"147\" \/><br \/>\nDie Heimleitung suchte f\u00fcr die Kinder dringend warme Decken. Der Winter wird kalt, viele der Kinder schlafen auf dem Boden. Einmal Hosen f\u00fcr alle und einen lang ersehnten Haarschneider.<\/p>\n<\/div>\n<div class=\"oneThird last\"><img loading=\"lazy\" decoding=\"async\" class=\"alignnone wp-image-3772 size-full\" src=\"https:\/\/www.kenial.de\/wp-content\/uploads\/2017\/11\/decken_kl.jpg\" alt=\"\" width=\"200\" height=\"147\" \/><br \/>\nDanke an maloja. F\u00fcr dieses Projekt sind extra 52 warme Decken gen\u00e4ht worden. F\u00fcr jedes Kind eine. Und sogar noch Ersatz. F\u00fcr alle im Heim ein Fest. Nicht mehr frieren. Gut schlafen. Eine eigene Decke.<a href=\"https:\/\/www.kenial.de\/de\/kenial\/nepal\/nepal-2017-expedition\/nepal-expedition-galerie\/\"><span class=\"dropcap circle\">G<\/span>Galerie 2017<\/a><\/p>\n<p>&nbsp;<\/p>\n<\/div><div class=\"clear\"><\/div>\n<div class=\"oneThird\"><img loading=\"lazy\" decoding=\"async\" class=\"alignnone wp-image-3771 size-full\" src=\"https:\/\/www.kenial.de\/wp-content\/uploads\/2017\/11\/marmot_shorts_kl.jpg\" alt=\"\" width=\"200\" height=\"147\" \/><br \/>\nDanke an marmot f\u00fcr die Hosen. Noch ist es warm. Und die Sachen sind einfach unverw\u00fcstlich.<\/p>\n<\/div>\n<div class=\"oneThird\"><img loading=\"lazy\" decoding=\"async\" class=\"alignnone wp-image-3769 size-full\" src=\"https:\/\/www.kenial.de\/wp-content\/uploads\/2017\/11\/jungs_ktm_k.jpg\" alt=\"\" width=\"200\" height=\"147\" \/><br \/>\nBergsteiger. Christof, Ingo, Harald, Nils, Franz und Stefan bringen jede Menge alpine Erfahrung mit und streifen ganze 4 Wochen durch den nordwesten Nepals.<\/p>\n<\/div>\n<div class=\"oneThird last\"><img loading=\"lazy\" decoding=\"async\" class=\"alignnone wp-image-3808 size-full\" src=\"https:\/\/www.kenial.de\/wp-content\/uploads\/2017\/11\/phintso_neu.jpg\" alt=\"\" width=\"200\" height=\"147\" \/><br \/>\nDanke an Phintso und seine Mitarbeiter von International Trekkers Ltd in Kathmandu bei der Hilfe mit allen Zollformalit\u00e4ten.<\/p>\n<\/div><div class=\"clear\"><\/div>\n<div class=\"theParallaxCrestaBlock\"><div class=\"theParallaxCresta fortunato-short-parallax-899\" style=\"background-image: url(https:\/\/www.kenial.de\/wp-content\/uploads\/2017\/11\/P1080264.jpg); height:600px;\"><h2><\/h2><\/div><\/div><script type=\"text\/javascript\">(function($) { $(document).ready(function() { if ( \/Android|webOS|iPhone|iPad|iPod|BlackBerry|IEMobile|Opera Mini\/i.test(navigator.userAgent) ) {} else { $(\".fortunato-short-parallax-899\").scrollparallax(\"50%\", \"0.2\"); } }); })(jQuery);<\/script>","protected":false},"excerpt":{"rendered":"<p>Nepal 2016 \u2022 Nepal 2017 \u2022 Nepal 2017 Exped \u2022 Nepal 2018 \u2022 Nepal 2019 \u2022 Nepal 2021 \u2022 Nepal 2022 Sechs Jungs machen sich im Oktober 2017 auf den Weg in den abgelegenen Mugu Dirstikt in Nepal. Eine kleine Expedition, die es zum Ziel hat, einige Berge im nordwesten Nepals, entlang der tibetischen Grenze,&hellip;<\/p>\n","protected":false},"author":1,"featured_media":3793,"parent":1381,"menu_order":0,"comment_status":"closed","ping_status":"closed","template":"","meta":{"footnotes":""},"class_list":["post-3766","page","type-page","status-publish","has-post-thumbnail","hentry"],"_links":{"self":[{"href":"https:\/\/www.kenial.de\/de\/wp-json\/wp\/v2\/pages\/3766","targetHints":{"allow":["GET"]}}],"collection":[{"href":"https:\/\/www.kenial.de\/de\/wp-json\/wp\/v2\/pages"}],"about":[{"href":"https:\/\/www.kenial.de\/de\/wp-json\/wp\/v2\/types\/page"}],"author":[{"embeddable":true,"href":"https:\/\/www.kenial.de\/de\/wp-json\/wp\/v2\/users\/1"}],"replies":[{"embeddable":true,"href":"https:\/\/www.kenial.de\/de\/wp-json\/wp\/v2\/comments?post=3766"}],"version-history":[{"count":3,"href":"https:\/\/www.kenial.de\/de\/wp-json\/wp\/v2\/pages\/3766\/revisions"}],"predecessor-version":[{"id":10401,"href":"https:\/\/www.kenial.de\/de\/wp-json\/wp\/v2\/pages\/3766\/revisions\/10401"}],"up":[{"embeddable":true,"href":"https:\/\/www.kenial.de\/de\/wp-json\/wp\/v2\/pages\/1381"}],"wp:featuredmedia":[{"embeddable":true,"href":"https:\/\/www.kenial.de\/de\/wp-json\/wp\/v2\/media\/3793"}],"wp:attachment":[{"href":"https:\/\/www.kenial.de\/de\/wp-json\/wp\/v2\/media?parent=3766"}],"curies":[{"name":"wp","href":"https:\/\/api.w.org\/{rel}","templated":true}]}}