{"id":3700,"date":"2017-10-11T16:50:43","date_gmt":"2017-10-11T14:50:43","guid":{"rendered":"https:\/\/www.kenial.de\/de\/?page_id=3700"},"modified":"2019-08-10T12:26:37","modified_gmt":"2019-08-10T10:26:37","slug":"iran","status":"publish","type":"page","link":"https:\/\/www.kenial.de\/de\/kenial\/iran\/","title":{"rendered":"Iran"},"content":{"rendered":"In Iran unterst\u00fctzen wir mehrere Projekte. Eines in der N\u00e4he von Bisotun, in Kermanshah. Die NGO Childfoundation versorgt und unterst\u00fctzt dort viele Kinder. Ein weiteres Projekt m\u00f6chte Kinder zum Klettern ermuntern &#8211; M\u00e4dchden wie Jungs.<\/p>\n<div class=\"oneThird\"><img loading=\"lazy\" decoding=\"async\" class=\"alignnone wp-image-5058 size-full\" src=\"https:\/\/www.kenial.de\/wp-content\/uploads\/2019\/02\/bubi_iran_kl.png\" alt=\"\" width=\"200\" height=\"140\" \/><br \/>\nWir unterst\u00fctzen 100 Kinder der NGO Childfoundation vor Ort. Alle bekommen warme Jacken und warme Bergschuhe. Das Gebiet wurde von schweren Erdbeben ersch\u00fcttert und \u00dcberschwemmt. Die Hilfe ist kompliziert. <a href=\"https:\/\/www.kenial.de\/de\/kenial\/iran\/kermanshah\/\">Mehr&#8230;<\/a><\/p>\n<\/div>\n<div class=\"oneThird\"><img loading=\"lazy\" decoding=\"async\" class=\"alignnone wp-image-5226 size-full\" src=\"https:\/\/www.kenial.de\/wp-content\/uploads\/2019\/04\/nasim_climb1_kl.jpg\" alt=\"\" width=\"200\" height=\"140\" \/><br \/>\nWir unterst\u00fctzen das Kinderkletterprojekt von Nasim Eshqi. Nasim m\u00f6chte Kinder f\u00fcr das Klettern am Fels begeistern. M\u00e4dchen wie Jungs. Wir unterst\u00fctzen sie mit Kinderkletterschuhen, Gurten etc. <a href=\"https:\/\/www.kenial.de\/de\/kenial\/iran\/iran-kinderklettern\/\">Mehr&#8230;<\/a><\/p>\n<\/div>\n<div class=\"oneThird last\"><img loading=\"lazy\" decoding=\"async\" class=\"alignnone wp-image-5545 size-full\" src=\"https:\/\/www.kenial.de\/wp-content\/uploads\/2019\/08\/iran_grenze.jpg\" alt=\"\" width=\"200\" height=\"147\" \/><br \/>\nWir unterst\u00fctzen einen Arzt, der 100 Kinder im Grenzgebiet zu Pakistan versorgt. Beginnen k\u00f6nnen wir nur ganz langsam und St\u00fcck f\u00fcr St\u00fcck. Alle 100 Kinder erhalten zun\u00e4chst einen Stoffrucksack mit Buntstiften, Radiergummi und Spitzer. <a href=\"https:\/\/www.kenial.de\/de\/kenial\/iran\/baluchestan\/\">Mehr&#8230;<\/a><\/p>\n<\/div><div class=\"clear\"><\/div>\n<div class=\"oneThird\"><img loading=\"lazy\" decoding=\"async\" class=\"alignnone wp-image-3704 size-full\" src=\"https:\/\/www.kenial.de\/wp-content\/uploads\/2017\/10\/nasim_kl.jpg\" alt=\"\" width=\"200\" height=\"147\" \/><br \/>\nAthleten. Nasim Eshqi. Weltreisende Kletterfrau und geb\u00fcrtige Iranerin begleitet alle kenialen Kinderhilfsprojekt in ihrer Heimat. Mit unglaublich viel Engagement und noch mehr Organisationstalent.<\/p>\n<\/div>\n<div class=\"oneThird\"><img loading=\"lazy\" decoding=\"async\" class=\"alignnone wp-image-4482 size-full\" src=\"https:\/\/www.kenial.de\/wp-content\/uploads\/2018\/08\/soeren_kl.jpg\" alt=\"\" width=\"200\" height=\"147\" \/><br \/>\nS\u00f6ren von <a href=\"http:\/\/www.homa-reisen.de\" target=\"_blank\" rel=\"noopener noreferrer\">www.homa-reisen.de<\/a> hilft uns bei allen Transporten und Kontakten. Iran Kenner und Pendler zwischen den Kulturen. Mega Danke!<\/p>\n<\/div>","protected":false},"excerpt":{"rendered":"<p>In Iran unterst\u00fctzen wir mehrere Projekte. Eines in der N\u00e4he von Bisotun, in Kermanshah. Die NGO Childfoundation versorgt und unterst\u00fctzt dort viele Kinder. Ein weiteres Projekt m\u00f6chte Kinder zum Klettern ermuntern &#8211; M\u00e4dchden wie Jungs.<\/p>\n","protected":false},"author":1,"featured_media":4474,"parent":486,"menu_order":0,"comment_status":"closed","ping_status":"closed","template":"","meta":{"footnotes":""},"class_list":["post-3700","page","type-page","status-publish","has-post-thumbnail","hentry"],"_links":{"self":[{"href":"https:\/\/www.kenial.de\/de\/wp-json\/wp\/v2\/pages\/3700","targetHints":{"allow":["GET"]}}],"collection":[{"href":"https:\/\/www.kenial.de\/de\/wp-json\/wp\/v2\/pages"}],"about":[{"href":"https:\/\/www.kenial.de\/de\/wp-json\/wp\/v2\/types\/page"}],"author":[{"embeddable":true,"href":"https:\/\/www.kenial.de\/de\/wp-json\/wp\/v2\/users\/1"}],"replies":[{"embeddable":true,"href":"https:\/\/www.kenial.de\/de\/wp-json\/wp\/v2\/comments?post=3700"}],"version-history":[{"count":0,"href":"https:\/\/www.kenial.de\/de\/wp-json\/wp\/v2\/pages\/3700\/revisions"}],"up":[{"embeddable":true,"href":"https:\/\/www.kenial.de\/de\/wp-json\/wp\/v2\/pages\/486"}],"wp:featuredmedia":[{"embeddable":true,"href":"https:\/\/www.kenial.de\/de\/wp-json\/wp\/v2\/media\/4474"}],"wp:attachment":[{"href":"https:\/\/www.kenial.de\/de\/wp-json\/wp\/v2\/media?parent=3700"}],"curies":[{"name":"wp","href":"https:\/\/api.w.org\/{rel}","templated":true}]}}