{"id":3449,"date":"2017-07-10T15:39:57","date_gmt":"2017-07-10T13:39:57","guid":{"rendered":"https:\/\/www.kenial.de\/de\/?page_id=3449"},"modified":"2024-11-19T10:44:05","modified_gmt":"2024-11-19T09:44:05","slug":"sri-lanka","status":"publish","type":"page","link":"https:\/\/www.kenial.de\/de\/kenial\/sri-lanka\/","title":{"rendered":"Sri Lanka"},"content":{"rendered":"Auf Sri Lanka besuchen und unterst\u00fctzen wir mit KENIAL gleich zwei Kinderheime. Zum Einen 10 Waisenm\u00e4dchen in einem Waisenhaus eines UNESCO Village auf Sri Lanka. Zum Anderen Das Eliya Kinderheim in Tangalle, das 20 Waisenkinder beherbergt.<\/p>\n<div class=\"oneThird\"><img loading=\"lazy\" decoding=\"async\" class=\"alignnone wp-image-3632 size-full\" src=\"https:\/\/www.kenial.de\/wp-content\/uploads\/2017\/09\/srilanka_kids_kl.jpg\" alt=\"\" width=\"200\" height=\"147\" \/><br \/>\n2017: Wir unterst\u00fctzen mit Leonie, Natalie und Johanna 10 Waisenm\u00e4dchen in einem Waisenhaus eines UNESCO Village auf Sri Lanka, und die 70 Grundschulkinder. Danke f\u00fcr die Unterst\u00fctzung an Tatonka, schuhfilou und maloja!<br \/>\n<a href=\"https:\/\/www.kenial.de\/de\/kenial\/sri-lanka\/sri-lanka-2017\/\">Mehr&#8230;<\/a><\/p>\n<\/div>\n<div class=\"oneThird\"><img loading=\"lazy\" decoding=\"async\" class=\"alignnone wp-image-4882 size-full\" src=\"https:\/\/www.kenial.de\/wp-content\/uploads\/2018\/12\/sri_lanka_kids.jpg\" alt=\"\" width=\"200\" height=\"147\" \/><br \/>\n2019: Wir unterst\u00fctzen mit Jenny und Max die 20 Kinder des Eliya Kinderheimes in Tangalle. Danke an LOWA und an die Bayerische Landesarbeitsgemeinschaft Zahngesundheit e.V. (LAGZ)<br \/>\n<a href=\"https:\/\/www.kenial.de\/de\/kenial\/sri-lanka\/sri-lanka-2019\/\">Mehr&#8230;<\/a><\/p>\n<\/div>\n<div class=\"oneThird last\"><img loading=\"lazy\" decoding=\"async\" src=\"https:\/\/www.kenial.de\/wp-content\/uploads\/2024\/10\/srilanka24_kl.jpg\" alt=\"\" width=\"200\" height=\"147\" class=\"alignnone size-full wp-image-9743\" \/><br \/>\n2024: Marie macht sich auf die Reise zum Kinderheim in Tangalle und bringt Kleidung zum Eliya Kinderheim.<br \/>\n<a href=\"https:\/\/www.kenial.de\/de\/kenial\/sri-lanka\/sri-lanka-2024\/\">Mehr&#8230;<\/a><br \/>\n<\/div><div class=\"clear\"><\/div>\n<div class=\"theParallaxCrestaBlock\"><div class=\"theParallaxCresta fortunato-short-parallax-643\" style=\"background-image: url(https:\/\/www.kenial.de\/wp-content\/uploads\/2017\/07\/sri_lanka-river.jpg); height:600px;\"><h2><\/h2><\/div><\/div><script type=\"text\/javascript\">(function($) { $(document).ready(function() { if ( \/Android|webOS|iPhone|iPad|iPod|BlackBerry|IEMobile|Opera Mini\/i.test(navigator.userAgent) ) {} else { $(\".fortunato-short-parallax-643\").scrollparallax(\"50%\", \"0.2\"); } }); })(jQuery);<\/script>","protected":false},"excerpt":{"rendered":"<p>Auf Sri Lanka besuchen und unterst\u00fctzen wir mit KENIAL gleich zwei Kinderheime. Zum Einen 10 Waisenm\u00e4dchen in einem Waisenhaus eines UNESCO Village auf Sri Lanka. Zum Anderen Das Eliya Kinderheim in Tangalle, das 20 Waisenkinder beherbergt.<\/p>\n","protected":false},"author":1,"featured_media":3633,"parent":486,"menu_order":0,"comment_status":"closed","ping_status":"closed","template":"","meta":{"footnotes":""},"class_list":["post-3449","page","type-page","status-publish","has-post-thumbnail","hentry"],"_links":{"self":[{"href":"https:\/\/www.kenial.de\/de\/wp-json\/wp\/v2\/pages\/3449","targetHints":{"allow":["GET"]}}],"collection":[{"href":"https:\/\/www.kenial.de\/de\/wp-json\/wp\/v2\/pages"}],"about":[{"href":"https:\/\/www.kenial.de\/de\/wp-json\/wp\/v2\/types\/page"}],"author":[{"embeddable":true,"href":"https:\/\/www.kenial.de\/de\/wp-json\/wp\/v2\/users\/1"}],"replies":[{"embeddable":true,"href":"https:\/\/www.kenial.de\/de\/wp-json\/wp\/v2\/comments?post=3449"}],"version-history":[{"count":3,"href":"https:\/\/www.kenial.de\/de\/wp-json\/wp\/v2\/pages\/3449\/revisions"}],"predecessor-version":[{"id":9795,"href":"https:\/\/www.kenial.de\/de\/wp-json\/wp\/v2\/pages\/3449\/revisions\/9795"}],"up":[{"embeddable":true,"href":"https:\/\/www.kenial.de\/de\/wp-json\/wp\/v2\/pages\/486"}],"wp:featuredmedia":[{"embeddable":true,"href":"https:\/\/www.kenial.de\/de\/wp-json\/wp\/v2\/media\/3633"}],"wp:attachment":[{"href":"https:\/\/www.kenial.de\/de\/wp-json\/wp\/v2\/media?parent=3449"}],"curies":[{"name":"wp","href":"https:\/\/api.w.org\/{rel}","templated":true}]}}