{"id":2735,"date":"2017-03-13T17:52:51","date_gmt":"2017-03-13T16:52:51","guid":{"rendered":"http:\/\/www.kenial.de\/?page_id=2735"},"modified":"2020-04-21T12:15:59","modified_gmt":"2020-04-21T10:15:59","slug":"kaufladen","status":"publish","type":"page","link":"https:\/\/www.kenial.de\/de\/shop-dich-social\/","title":{"rendered":"Shop dich social"},"content":{"rendered":"Willkommen im kenialen Shop. Hier findest du Schmuseberge, um Berge zu versetzen, G\u00fcrtel aus recycelten und neuen Kletterseilen und keniale Shirts. Mit dem Kauf eines jeden Schmuseberges, G\u00fcrtels oder Shirts unterst\u00fctzt Du ein keniales Kinderhilfsprojekt. Die Kissen und G\u00fcrtel werden von flei\u00dfigen Helfern des Vereins kenial e.V. in M\u00fcnchen und im Allg\u00e4u in handarbeit und mit viel Freude und Leidenschaft gefertigt.<\/p>\n<p><span style=\"color: #ff6600;\">&#8211; ACHTUNG &#8211; unsere Briefe und P\u00e4ckchen sind gerade viel l\u00e4nger unterwegs als sonst. Wir haben vollstes Verst\u00e4ndnis f\u00fcr alle PostzustellerInnen und bitten um Geduld! &#8211;<\/span><\/p>\n<p>&nbsp;","protected":false},"excerpt":{"rendered":"<p>Willkommen im kenialen Shop. Hier findest du Schmuseberge, um Berge zu versetzen, G\u00fcrtel aus recycelten und neuen Kletterseilen und keniale Shirts. Mit dem Kauf eines jeden Schmuseberges, G\u00fcrtels oder Shirts unterst\u00fctzt Du ein keniales Kinderhilfsprojekt. Die Kissen und G\u00fcrtel werden von flei\u00dfigen Helfern des Vereins kenial e.V. in M\u00fcnchen und im Allg\u00e4u in handarbeit und&hellip;<\/p>\n","protected":false},"author":1,"featured_media":4622,"parent":0,"menu_order":0,"comment_status":"closed","ping_status":"closed","template":"","meta":{"footnotes":""},"class_list":["post-2735","page","type-page","status-publish","has-post-thumbnail","hentry"],"_links":{"self":[{"href":"https:\/\/www.kenial.de\/de\/wp-json\/wp\/v2\/pages\/2735","targetHints":{"allow":["GET"]}}],"collection":[{"href":"https:\/\/www.kenial.de\/de\/wp-json\/wp\/v2\/pages"}],"about":[{"href":"https:\/\/www.kenial.de\/de\/wp-json\/wp\/v2\/types\/page"}],"author":[{"embeddable":true,"href":"https:\/\/www.kenial.de\/de\/wp-json\/wp\/v2\/users\/1"}],"replies":[{"embeddable":true,"href":"https:\/\/www.kenial.de\/de\/wp-json\/wp\/v2\/comments?post=2735"}],"version-history":[{"count":0,"href":"https:\/\/www.kenial.de\/de\/wp-json\/wp\/v2\/pages\/2735\/revisions"}],"wp:featuredmedia":[{"embeddable":true,"href":"https:\/\/www.kenial.de\/de\/wp-json\/wp\/v2\/media\/4622"}],"wp:attachment":[{"href":"https:\/\/www.kenial.de\/de\/wp-json\/wp\/v2\/media?parent=2735"}],"curies":[{"name":"wp","href":"https:\/\/api.w.org\/{rel}","templated":true}]}}