{"id":2714,"date":"2017-03-13T15:37:54","date_gmt":"2017-03-13T14:37:54","guid":{"rendered":"http:\/\/www.kenial.de\/agb\/"},"modified":"2017-04-22T08:47:03","modified_gmt":"2017-04-22T06:47:03","slug":"agb","status":"publish","type":"page","link":"https:\/\/www.kenial.de\/de\/shop-dich-social\/agb\/","title":{"rendered":"AGB"},"content":{"rendered":"Allgemeine Gesch\u00e4ftsbedingungen des kenialen Shops:<\/p>\n<p>\u00a7 1 \u2013 Anbieter, Einbeziehung der AGB<br \/>\n(1) Anbieter und Vertragspartner f\u00fcr den Shop KENIAL : KENIAL e.V., vertreten durch den Vorstand Anke Johannssen, Dr. Jan Moritz, Claudia Moritz, Dorf\u00e4nger 4, 86923 Finning, Deutschland.<br \/>\n(2) Diese allgemeinen Gesch\u00e4ftsbedingungen sind Bestandteil jeder vertraglichen Vereinbarung zwischen dem Anbieter und dem jeweiligen Besteller. Entgegenstehenden AGB des Bestellers wird widersprochen.<\/p>\n<p>\u00a7 2 \u2013 Warenangebot und Vertragsschluss<br \/>\n(1) Der Anbieter bietet die in seinem Shop dargestellten Artikel zum Kauf an. Die farbliche Darstellung der Artikel auf der Internetseite kann je nach verwendetem Internetbrowser und Monitoreinstellungen des Bestellers variieren.<br \/>\n(2) Warenauswahl, Vertragsschluss und Vertragsabwicklung erfolgen in deutscher Sprache.<br \/>\n(3) Der Besteller w\u00e4hlt aus dem Sortiment Produkte aus und sammelt diese zun\u00e4chst unverbindlich \u00fcber den Button \u201ein den Warenkorb\u201c. Eine verbindliche Bestellung kommt erst zustande, wenn der Besteller den Bestellvorgang mit dem Button \u201eJetzt kostenpflichtig kaufen\u201c abschlie\u00dft. Die Bestellung stellt ein verbindliches Angebot des Bestellers dar, die bestellte Ware zu den in der Bestellung genannten Bedingungen zu erwerben.<br \/>\n(4) Der Besteller erh\u00e4lt umgehend eine Bestellbest\u00e4tigung per E-Mail. Diese Bestell-best\u00e4tigung stellt keine Annahme des Angebotes dar, sondern soll nur dar\u00fcber informieren, dass die Bestellung eingegangen ist. Ein Kaufvertrag kommt erst dann zustande, wenn das bestellte Produkt versendet wurde und der Versand mit einer zweiten E-Mail best\u00e4tigt wurde. Wenn die Bestellung in mehr als einem Paket versendet wird, kann es vorkommen, dass f\u00fcr jedes Paket eine eigene Versandbest\u00e4tigung versendet wird. In diesem Fall kommt bez\u00fcglich jeder Versandbest\u00e4tigung ein separater Kaufvertrag \u00fcber die in der jeweiligen Versandbest\u00e4tigung aufgef\u00fchrten Produkte zustande.<br \/>\n(5) Bei Lieferhindernissen oder anderen Umst\u00e4nden, die der Vertragserf\u00fcllung entgegenstehen w\u00fcrden, informiert der Anbieter den Besteller per E-Mail. Eine Teillieferung erfolgt nur nach Zustimmung durch den Besteller.<\/p>\n<p>\u00a7 3 \u2013 Preise und Bezahlung<br \/>\n(1) Alle Produktpreise verstehen sich als Endpreise zzgl. Versandkosten.<br \/>\n(2) Die Versandkosten sind im Men\u00fcpunkt \u201eWarenkorb\u201c aufgef\u00fchrt.<br \/>\n(3) Der Anbieter liefert ausschlie\u00dflich gegen Vorkasse durch paypal.<\/p>\n<p>\u00a7 4 \u2013 Versand, Lieferfristen<br \/>\n(1) Der Versand der zu liefernden Ware erfolgt in der Regel innerhalb von 5-10 Werktagen, abh\u00e4ngig von Produkt und ab vollst\u00e4ndigem Zahlungseingang.<br \/>\n(2) Das Versandunternehmen ben\u00f6tigt f\u00fcr die Zustellung ca. 2 Werktage innerhalb Deutschlands ab \u00dcbergabe durch den Anbieter, soweit in der Artikelbeschreibung nicht abweichend angegeben.<br \/>\n(3) Soweit die Lieferung an den Besteller fehlschl\u00e4gt, weil der Besteller die Lieferadresse falsch oder unvollst\u00e4ndig angegeben hat, erfolgt ein erneuter Zustellversuch nur, wenn die Kosten f\u00fcr den erneuten Versand vom Besteller \u00fcbernommen werden. Die erneuten Versandkosten entsprechen den bei Vertragsschluss vereinbarten Versandkosten. Der Anbieter wird dazu dem Besteller die erforderlichen Kosten einer erneuten Zustellung per E-Mail mitteilen. Ein erneuter Versand erfolgt erst nach Zahlungseingang dieser Kosten.<\/p>\n<p>\u00a7 5 \u2013 R\u00fccksendung von Waren<br \/>\n(1) Bestellern, die als Verbraucher (\u00a7 13 BGB) einkaufen, steht ein Widerrufsrecht gem\u00e4\u00df den gesetzlichen Voraussetzungen zu (\u00a7\u00a7 312g, 355 BGB). Einzelheiten hierzu k\u00f6nnen der Widerrufsbelehrung entnommen werden.<br \/>\n(2) Ist der Besteller Verbraucher, vereinbaren die Kaufvertragsparteien f\u00fcr den Fall der Aus\u00fcbung des Widerrufsrechts, dass der Besteller die regelm\u00e4\u00dfigen Kosten der R\u00fccksendung tr\u00e4gt, wenn die gelieferte Ware der bestellten entspricht.<br \/>\n(3) Soweit der Besteller die R\u00fccksendekosten zu tragen hat, k\u00f6nnen der vom Anbieter zu erstattende Geldbetrag und die vom Besteller zu erstattenden R\u00fccksendekosten miteinander verrechnet werden.<br \/>\n(4) Ein Widerrufsrecht und R\u00fcckgabe besteht unter anderem nicht bei Waren, f\u00fcr deren Herstellung eine individuelle Auswahl oder Bestimmung durch den Besteller ma\u00dfgeblich ist oder die eindeutig auf die pers\u00f6nlichen Bed\u00fcrfnisse des Bestellers zugeschnitten sind. Es erfolgt keine Zur\u00fcckerstattung des Geldes.<\/p>\n<p>\u00a7 6 \u2013 Gew\u00e4hrleistung<br \/>\nDie Gew\u00e4hrleistungsrechte des Bestellers richten sich nach den gesetzlichen Vorschriften.<\/p>\n<p>\u00a7 7 \u2013 Datenschutzerkl\u00e4rung<br \/>\n(1) Der Anbieter erhebt und verarbeitet die vom Besteller im Rahmen seines Einkaufs eingegebenen Daten allein zum Zwecke der Vertragsbearbeitung und -erf\u00fcllung.<br \/>\n(2) Weitere Einzelheiten ergeben sich aus der auf der Website einsehbaren Datenschutzerkl\u00e4rung.<\/p>\n<p>\u00a7 8 &#8211; Schlussbestimmungen<br \/>\n(1) Wir behalten uns das Recht vor, \u00c4nderungen an unserer Webseite, Regelwerken, Bedingungen einschlie\u00dflich dieser Verkaufsbedingungen jederzeit vorzunehmen. Auf Ihre Bestellung finden jeweils die Verkaufsbedingungen, Vertragsbedingungen und Allgemeine Gesch\u00e4ftsbedingungen Anwendung, die zu dem Zeitpunkt Ihrer Bestellung in Kraft sind, es sei denn eine \u00c4nderung an diesen Bedingungen ist gesetzlich oder auf beh\u00f6rdliche Anordnung erforderlich (in diesem Fall finden sie auch auf Bestellungen Anwendung, die Sie zuvor get\u00e4tigt haben).<br \/>\n(2) Sollten sich einzelne Bestimmungen dieser allgemeinen Gesch\u00e4ftsbedingungen als unwirksam oder undurchf\u00fchrbar erweisen, so ber\u00fchrt dies nicht die Wirksamkeit der \u00fcbrigen Bestimmungen.<\/p>\n<p>Umsatzsteuer<br \/>\nDer Rechnungsbetrag wird im Sinne der Kleinunternehmerregelung (\u00a7 19 Abs. 1 UstG) nicht mit Umsatzsteuer ausgewiesen.","protected":false},"excerpt":{"rendered":"<p>Allgemeine Gesch\u00e4ftsbedingungen des kenialen Shops: \u00a7 1 \u2013 Anbieter, Einbeziehung der AGB (1) Anbieter und Vertragspartner f\u00fcr den Shop KENIAL : KENIAL e.V., vertreten durch den Vorstand Anke Johannssen, Dr. Jan Moritz, Claudia Moritz, Dorf\u00e4nger 4, 86923 Finning, Deutschland. (2) Diese allgemeinen Gesch\u00e4ftsbedingungen sind Bestandteil jeder vertraglichen Vereinbarung zwischen dem Anbieter und dem jeweiligen Besteller.&hellip;<\/p>\n","protected":false},"author":1,"featured_media":2801,"parent":2735,"menu_order":0,"comment_status":"closed","ping_status":"closed","template":"","meta":{"footnotes":""},"class_list":["post-2714","page","type-page","status-publish","has-post-thumbnail","hentry"],"_links":{"self":[{"href":"https:\/\/www.kenial.de\/de\/wp-json\/wp\/v2\/pages\/2714","targetHints":{"allow":["GET"]}}],"collection":[{"href":"https:\/\/www.kenial.de\/de\/wp-json\/wp\/v2\/pages"}],"about":[{"href":"https:\/\/www.kenial.de\/de\/wp-json\/wp\/v2\/types\/page"}],"author":[{"embeddable":true,"href":"https:\/\/www.kenial.de\/de\/wp-json\/wp\/v2\/users\/1"}],"replies":[{"embeddable":true,"href":"https:\/\/www.kenial.de\/de\/wp-json\/wp\/v2\/comments?post=2714"}],"version-history":[{"count":0,"href":"https:\/\/www.kenial.de\/de\/wp-json\/wp\/v2\/pages\/2714\/revisions"}],"up":[{"embeddable":true,"href":"https:\/\/www.kenial.de\/de\/wp-json\/wp\/v2\/pages\/2735"}],"wp:featuredmedia":[{"embeddable":true,"href":"https:\/\/www.kenial.de\/de\/wp-json\/wp\/v2\/media\/2801"}],"wp:attachment":[{"href":"https:\/\/www.kenial.de\/de\/wp-json\/wp\/v2\/media?parent=2714"}],"curies":[{"name":"wp","href":"https:\/\/api.w.org\/{rel}","templated":true}]}}