{"id":2418,"date":"2017-01-19T09:17:47","date_gmt":"2017-01-19T08:17:47","guid":{"rendered":"http:\/\/www.kenial.de\/?page_id=2418"},"modified":"2025-12-07T12:51:28","modified_gmt":"2025-12-07T11:51:28","slug":"marokko","status":"publish","type":"page","link":"https:\/\/www.kenial.de\/de\/kenial\/marokko\/","title":{"rendered":"Marokko"},"content":{"rendered":"Im Hohen Atlas Marokkos, im Tal des Berberstammes der Ait Bouguemez, auf 1800m H\u00f6he und inmitten einer urspr\u00fcnglich rauen Bergwelt, befindet sich der Campus Vivant&#8217;e. Eine Bildungsst\u00e4tte, die unter anderem eine Schule mit 50 Kindern zwischen 6 und 12 Jahren betreibt. Das Klima ist rauh, die Kinder brauchen Taschen oder Rucks\u00e4cke und warme Jacken.<\/p>\n<p>F\u00fcr KENIAL wird sich Sebastian Bestle aus Wien auf den Weg in den Hohen Atlas machen. Er nimmt am <a href=\"https:\/\/www.transatlasmarathon.net\/\" target=\"_blank\" rel=\"noopener\">TransAtlas Marathon<\/a> teil, einem Lauf, der 6 Tage andauert &#8211; und manche Etappe geht \u00fcber 3000 H\u00f6henmeter. Nicht nur steile Anstiege, die Teilnehmer m\u00fcssen unter extremen Bedingungen gro\u00dfe Distanzen mit vielen H\u00f6henmetern bew\u00e4ltigen. Auf einer einzigen Etappe kann das Wetter von extremer K\u00e4lte hin zu gro\u00dfer Hitze wechseln. Der Streckenverlauf f\u00fchrt die L\u00e4ufer durch abgelegene und unber\u00fchrte Natur, durch traditionelle D\u00f6rfer, durch Fl\u00fcsse und nat\u00fcrlich wieder \u00fcber die Berge des Atlas. Aber Sebastian kennt sich aus, mit ihm kann man Marokko auch wunderbar als Besucher entdecken.<\/p>\n<p>&nbsp;<\/p>\n<div class=\"oneThird\"><img loading=\"lazy\" decoding=\"async\" class=\"wp-image-2424 size-full\" src=\"https:\/\/www.kenial.de\/wp-content\/uploads\/2017\/01\/morok_kids.jpg\" width=\"200\" height=\"140\" \/><br \/>\nDie Kinder. Dort gehen 50 Kindern zwischen 6 und 12 Jahren zur Schule. Das Klima ist rauh, die Kinder brauchen Taschen oder Rucks\u00e4cke und warme Jacken.<\/p>\n<\/div>\n<div class=\"oneThird\"><img loading=\"lazy\" decoding=\"async\" class=\"alignnone wp-image-2454 size-full\" src=\"https:\/\/www.kenial.de\/wp-content\/uploads\/2017\/01\/ha.jpg\" width=\"200\" height=\"140\" \/><br \/>\nHoher Atlas. Die \u00fcber 700km lange Gebirgskette liegt\u00a0zwischen Atlantik und Sahara. Sie\u00a0umfasst zirka zehn Viertausender und mehr als 400 Dreitausender.<\/p>\n<\/div>\n<div class=\"oneThird last\"><img loading=\"lazy\" decoding=\"async\" class=\"alignnone wp-image-2429 size-full\" src=\"https:\/\/www.kenial.de\/wp-content\/uploads\/2017\/01\/sebastian.jpg\" width=\"200\" height=\"140\" \/><br \/>\nAthlet. Sebastian Bestle l\u00e4uft als Kenner Marokkos den 6 t\u00e4gigen Transatlas Marathon.<\/p>\n<\/div><div class=\"clear\"><\/div>\n<div class=\"oneThird\"><img loading=\"lazy\" decoding=\"async\" class=\"alignnone wp-image-2428 size-full\" src=\"https:\/\/www.kenial.de\/wp-content\/uploads\/2017\/01\/schule-herbst_kl.jpg\" width=\"200\" height=\"140\" \/><br \/>\nKontakt. Die Schule des\u00a0Campus Vivante, in\u00a0Bouguemez, auf 1800m H\u00f6he und inmitten einer urspr\u00fcnglich Bergwelt.<\/p>\n<\/div>\n<div class=\"theParallaxCrestaBlock\"><div class=\"theParallaxCresta fortunato-short-parallax-35\" style=\"background-image: url(https:\/\/www.kenial.de\/wp-content\/uploads\/2017\/01\/new-horizons.jpg); height:400px;\"><h2><\/h2><\/div><\/div><script type=\"text\/javascript\">(function($) { $(document).ready(function() { if ( \/Android|webOS|iPhone|iPad|iPod|BlackBerry|IEMobile|Opera Mini\/i.test(navigator.userAgent) ) {} else { $(\".fortunato-short-parallax-35\").scrollparallax(\"50%\", \"0.2\"); } }); })(jQuery);<\/script>","protected":false},"excerpt":{"rendered":"<p>Im Hohen Atlas Marokkos, im Tal des Berberstammes der Ait Bouguemez, auf 1800m H\u00f6he und inmitten einer urspr\u00fcnglich rauen Bergwelt, befindet sich der Campus Vivant&#8217;e. Eine Bildungsst\u00e4tte, die unter anderem eine Schule mit 50 Kindern zwischen 6 und 12 Jahren betreibt. Das Klima ist rauh, die Kinder brauchen Taschen oder Rucks\u00e4cke und warme Jacken. F\u00fcr&hellip;<\/p>\n","protected":false},"author":1,"featured_media":3407,"parent":486,"menu_order":0,"comment_status":"closed","ping_status":"closed","template":"","meta":{"footnotes":""},"class_list":["post-2418","page","type-page","status-publish","has-post-thumbnail","hentry"],"_links":{"self":[{"href":"https:\/\/www.kenial.de\/de\/wp-json\/wp\/v2\/pages\/2418","targetHints":{"allow":["GET"]}}],"collection":[{"href":"https:\/\/www.kenial.de\/de\/wp-json\/wp\/v2\/pages"}],"about":[{"href":"https:\/\/www.kenial.de\/de\/wp-json\/wp\/v2\/types\/page"}],"author":[{"embeddable":true,"href":"https:\/\/www.kenial.de\/de\/wp-json\/wp\/v2\/users\/1"}],"replies":[{"embeddable":true,"href":"https:\/\/www.kenial.de\/de\/wp-json\/wp\/v2\/comments?post=2418"}],"version-history":[{"count":2,"href":"https:\/\/www.kenial.de\/de\/wp-json\/wp\/v2\/pages\/2418\/revisions"}],"predecessor-version":[{"id":10392,"href":"https:\/\/www.kenial.de\/de\/wp-json\/wp\/v2\/pages\/2418\/revisions\/10392"}],"up":[{"embeddable":true,"href":"https:\/\/www.kenial.de\/de\/wp-json\/wp\/v2\/pages\/486"}],"wp:featuredmedia":[{"embeddable":true,"href":"https:\/\/www.kenial.de\/de\/wp-json\/wp\/v2\/media\/3407"}],"wp:attachment":[{"href":"https:\/\/www.kenial.de\/de\/wp-json\/wp\/v2\/media?parent=2418"}],"curies":[{"name":"wp","href":"https:\/\/api.w.org\/{rel}","templated":true}]}}