{"id":2148,"date":"2016-10-06T22:13:00","date_gmt":"2016-10-06T20:13:00","guid":{"rendered":"http:\/\/www.kenial.de\/?page_id=2148"},"modified":"2021-11-23T08:41:11","modified_gmt":"2021-11-23T07:41:11","slug":"nepal-porter-guides","status":"publish","type":"page","link":"https:\/\/www.kenial.de\/de\/kenial\/nepal\/nepal-porter-guides\/","title":{"rendered":"Nepal Porter, Guides"},"content":{"rendered":"Angekommen! Am 4. Oktober\u00a0haben fast 40 Paar richtig gute Bergschuhe die Porter-Guides in Kathmandu erreicht. Und die Freude ist riesig. \u00dcberbracht von Klaus auf seinem Weg nach Bhutan. F\u00fcr die Guides, die oftmals nicht nur f\u00fchren, sondern auch schwere Lasten tragen, sind die Bergschuhe super wichtig. F\u00fcr Ram, Randhoj, Nim, Maita, Som, Bhai, Ram, Pasang, Santosh \u2026werden die Wege nun sicherer und leichter. Ganz gro\u00dfes Dankesch\u00f6n an <a href=\"http:\/\/www.lowa.de\" target=\"_blank\" rel=\"noopener\">www.lowa.de<\/a>\u00a0f\u00fcr die Bergschuhe in den richtigen Gr\u00f6\u00dfen.<\/p>\n<p>&nbsp;<\/p>\n<div class=\"oneThird\"><img loading=\"lazy\" decoding=\"async\" class=\"alignnone wp-image-2149 size-full\" src=\"https:\/\/www.kenial.de\/wp-content\/uploads\/2016\/10\/mini_porters.jpg\" width=\"200\" height=\"147\" \/><br \/>\nGuide und Tr\u00e4ger. Die Guides f\u00fchren Touristen durch den Himalaya. Und oft tragen sie auch die Lasten, das Gep\u00e4ck. Viele Kilogramm. Richtige Bergschuhe haben sie nicht, obwohl die Wege bei jedem Wetter \u00fcber Felsen, Gebirgspfade und Gletscher f\u00fchren.<\/p>\n<\/div>\n<div class=\"oneThird\"><img loading=\"lazy\" decoding=\"async\" class=\"alignnone wp-image-2150 size-full\" src=\"https:\/\/www.kenial.de\/wp-content\/uploads\/2016\/10\/klaus_mini.jpg\" width=\"200\" height=\"147\" \/><br \/>\nDer keniale Klaus.\u00a0Viele Jahre hat er die Guides in Kathmandu ausgebildet. Mit KENIAL bringt er ihnen Bergschuhe. In den richtigen Gr\u00f6\u00dfen. Die Freude ist riesig.<\/p>\n<\/div>\n<div class=\"oneThird last\"><img loading=\"lazy\" decoding=\"async\" class=\"alignnone wp-image-2151 size-full\" src=\"https:\/\/www.kenial.de\/wp-content\/uploads\/2016\/10\/kl_schuhe_mini.jpg\" width=\"200\" height=\"147\" \/><br \/>\nLOWA.\u00a0Eine super Zusammenarbeit mit LOWA hat dieses Projekt \u00fcberhaupt m\u00f6glich gemacht. Vern\u00fcnftige Bergschuhe, direkt \u00fcbergeben. Danke f\u00fcr die gro\u00dfartige Unterst\u00fctzung.<\/p>\n<\/div><div class=\"clear\"><\/div>\n<div class=\"oneThird\"><img loading=\"lazy\" decoding=\"async\" class=\"alignnone wp-image-7593 size-full\" src=\"https:\/\/www.kenial.de\/wp-content\/uploads\/2021\/10\/porter2021.jpg\" alt=\"\" width=\"200\" height=\"147\" \/><br \/>\nIm Oktober 2021 besucht Luis Stitzinger die Tr\u00e4ger und Guides wieder. Er verteilt Bergschuhe, Regenjacken und Rucks\u00e4cke f\u00fcr KENIAL. Jetzt kann die Saion hoffentlich wiedre beginnen.<br \/>\n<\/div>\n<div class=\"theParallaxCrestaBlock\"><div class=\"theParallaxCresta fortunato-short-parallax-391\" style=\"background-image: url(https:\/\/www.kenial.de\/wp-content\/uploads\/2016\/10\/kl_P1130579.jpg); height:600px;\"><h2><\/h2><\/div><\/div><script type=\"text\/javascript\">(function($) { $(document).ready(function() { if ( \/Android|webOS|iPhone|iPad|iPod|BlackBerry|IEMobile|Opera Mini\/i.test(navigator.userAgent) ) {} else { $(\".fortunato-short-parallax-391\").scrollparallax(\"50%\", \"0.2\"); } }); })(jQuery);<\/script>\n<p>&nbsp;","protected":false},"excerpt":{"rendered":"<p>Angekommen! Am 4. Oktober\u00a0haben fast 40 Paar richtig gute Bergschuhe die Porter-Guides in Kathmandu erreicht. Und die Freude ist riesig. \u00dcberbracht von Klaus auf seinem Weg nach Bhutan. F\u00fcr die Guides, die oftmals nicht nur f\u00fchren, sondern auch schwere Lasten tragen, sind die Bergschuhe super wichtig. F\u00fcr Ram, Randhoj, Nim, Maita, Som, Bhai, Ram, Pasang,&hellip;<\/p>\n","protected":false},"author":1,"featured_media":2161,"parent":1381,"menu_order":0,"comment_status":"closed","ping_status":"closed","template":"","meta":{"footnotes":""},"class_list":["post-2148","page","type-page","status-publish","has-post-thumbnail","hentry"],"_links":{"self":[{"href":"https:\/\/www.kenial.de\/de\/wp-json\/wp\/v2\/pages\/2148","targetHints":{"allow":["GET"]}}],"collection":[{"href":"https:\/\/www.kenial.de\/de\/wp-json\/wp\/v2\/pages"}],"about":[{"href":"https:\/\/www.kenial.de\/de\/wp-json\/wp\/v2\/types\/page"}],"author":[{"embeddable":true,"href":"https:\/\/www.kenial.de\/de\/wp-json\/wp\/v2\/users\/1"}],"replies":[{"embeddable":true,"href":"https:\/\/www.kenial.de\/de\/wp-json\/wp\/v2\/comments?post=2148"}],"version-history":[{"count":0,"href":"https:\/\/www.kenial.de\/de\/wp-json\/wp\/v2\/pages\/2148\/revisions"}],"up":[{"embeddable":true,"href":"https:\/\/www.kenial.de\/de\/wp-json\/wp\/v2\/pages\/1381"}],"wp:featuredmedia":[{"embeddable":true,"href":"https:\/\/www.kenial.de\/de\/wp-json\/wp\/v2\/media\/2161"}],"wp:attachment":[{"href":"https:\/\/www.kenial.de\/de\/wp-json\/wp\/v2\/media?parent=2148"}],"curies":[{"name":"wp","href":"https:\/\/api.w.org\/{rel}","templated":true}]}}