{"id":2007,"date":"2016-08-18T15:35:21","date_gmt":"2016-08-18T13:35:21","guid":{"rendered":"http:\/\/www.kenial.de\/?page_id=2007"},"modified":"2025-07-24T10:11:52","modified_gmt":"2025-07-24T08:11:52","slug":"kenia-2015","status":"publish","type":"page","link":"https:\/\/www.kenial.de\/de\/kenial\/kenia\/kenia-2015\/","title":{"rendered":"Kenia 2015"},"content":{"rendered":"Kenia 2015 \u2022 <a href=\"https:\/\/www.kenial.de\/de\/kenial\/kenia\/kenia-2016\/\">Kenia 2016<\/a> \u2022 <a href=\"https:\/\/www.kenial.de\/de\/kenial\/kenia\/kenia-2017\/\">Kenia 2017<\/a> \u2022 <a href=\"https:\/\/www.kenial.de\/de\/kenial\/kenia\/kenia-2019\/\">Kenia 2019<\/a> \u2022 <a href=\"https:\/\/www.kenial.de\/de\/kenial\/kenia\/kenia-2020\/\">Kenia 2020<\/a> \u2022 <a href=\"https:\/\/www.kenial.de\/de\/kenial\/kenia\/kenia-2021\/\">Kenia 2021<\/a> \u2022 <a href=\"https:\/\/www.kenial.de\/de\/kenial\/kenia\/kenia-2022\/\">Kenia 2022<\/a> \u2022 <a href=\"https:\/\/www.kenial.de\/de\/kenial\/kenia\/kenia-2023\/\">Kenia 2023<\/a> \u2022 <a href=\"https:\/\/www.kenial.de\/de\/kenial\/kenia\/kenia-2024\/\">Kenia 2024<\/a> \u2022 <a href=\"https:\/\/www.kenial.de\/de\/kenial\/kenia\/kenia-2025\/\">Kenia 2025<\/a><\/p>\n<p>Im Dezember 2015 haben wir \u00fcber 100 Aidswaisen rund um die Stadt Nakuru besucht. Sie leben am Fu\u00dfe des Mount Kenya. \u00dcber Pisten und schlammige Pfade konnten wir den Kids das bringen, was sie am n\u00f6tigsten brauchen. Hardshelljacken, Regenhosen, Rucks\u00e4cke, Shirts und Fu\u00dfb\u00e4lle. Ganz direkt uns pers\u00f6nlich. Eine Sozialarbeiterin vor Ort hat tatkr\u00e4ftig organisiert und mit angepackt. Es waren sehr beeindruckende Tage, es gab gro\u00dfe Kinderaugen und fr\u00f6hliches Fu\u00dfballspielen. Und dann konnten wir zu einer phantastischen alpinen Tour starten: Nelion, Mount Kenya.<\/p>\n<div class=\"oneThird\"><img loading=\"lazy\" decoding=\"async\" class=\"alignnone wp-image-2050 size-full\" src=\"https:\/\/www.kenial.de\/wp-content\/uploads\/2016\/08\/kids_alle.jpg\" width=\"200\" height=\"148\" \/><br \/>\nWir trafen fast alle Kinder, bekamen einen Einblick in deren Leben, weitab aller touristischer Pfade.<\/p>\n<\/div>\n<div class=\"oneThird\"><img loading=\"lazy\" decoding=\"async\" class=\"alignnone wp-image-2036 size-full\" src=\"https:\/\/www.kenial.de\/wp-content\/uploads\/2016\/08\/bena.jpg\" width=\"200\" height=\"148\" \/><br \/>\nBena wurde viel mehr als nur Beraterin. Eine gute Freundin.\u00a0Sie wei\u00df, was den Kindern hilft, und arbeitet eng mit KENIAL zusammen.<\/p>\n<\/div>\n<div class=\"oneThird last\"><img loading=\"lazy\" decoding=\"async\" class=\"alignnone wp-image-2035 size-full\" src=\"https:\/\/www.kenial.de\/wp-content\/uploads\/2016\/08\/sachen.jpg\" width=\"200\" height=\"148\" \/><br \/>\nWir brachte\u00a0Jacken, Regenhosen, Rucks\u00e4cke, T-shirts und mehr.<\/p>\n<\/div><div class=\"clear\"><\/div>\n<div class=\"oneThird\"><img loading=\"lazy\" decoding=\"async\" class=\"alignnone size-full wp-image-1167\" src=\"https:\/\/www.kenial.de\/wp-content\/uploads\/2016\/01\/nelion.jpg\" alt=\"nelion\" width=\"200\" height=\"148\" \/><br \/>\nNelion. Nach dem Besuch der Kids brachen wir auf zu einer\u00a0einzigartigen Klettertour.\u00a0Nelion 5189m, Mount Kenya. 30 Seill\u00e4ngen, V+<\/p>\n<\/div>\n<div class=\"oneThird\"><img loading=\"lazy\" decoding=\"async\" class=\"alignnone size-full wp-image-1164\" src=\"https:\/\/www.kenial.de\/wp-content\/uploads\/2016\/01\/kenya_ath.jpg\" alt=\"kenya_ath\" width=\"200\" height=\"148\" \/><br \/>\nAthleten. J\u00fcrgen Reinm\u00fcller, Bergf\u00fchrer und Leiter der\u00a0<a href=\"http:\/\/www.alpinstil.at\" target=\"_blank\" rel=\"noopener noreferrer\">Alpinschule Alpinstil<\/a>. Anke Johannssen, KENIAL e.V.<\/p>\n<\/div>\n<div class=\"oneThird last\"><img loading=\"lazy\" decoding=\"async\" class=\"alignnone wp-image-2037 size-full\" src=\"https:\/\/www.kenial.de\/wp-content\/uploads\/2016\/08\/lukenya.jpg\" width=\"200\" height=\"148\" \/><br \/>\nEs gab noch mehr zu klettern. In atemberaubender Kulisse.<\/p>\n<p><a href=\"https:\/\/www.kenial.de\/de\/kenial\/kenia\/kenia-2015\/galerie-kenia-2015\/\"><span class=\"dropcap circle\">G<\/span>Galerie 2015<\/a><\/p>\n<\/div><div class=\"clear\"><\/div>\n<div class=\"theParallaxCrestaBlock\"><div class=\"theParallaxCresta fortunato-short-parallax-166\" style=\"background-image: url(https:\/\/www.kenial.de\/wp-content\/uploads\/2015\/12\/IMG_9784.jpg); height:600px;\"><h2><\/h2><\/div><\/div><script type=\"text\/javascript\">(function($) { $(document).ready(function() { if ( \/Android|webOS|iPhone|iPad|iPod|BlackBerry|IEMobile|Opera Mini\/i.test(navigator.userAgent) ) {} else { $(\".fortunato-short-parallax-166\").scrollparallax(\"50%\", \"0.2\"); } }); })(jQuery);<\/script>Kenia 2015 \u2022 <a href=\"https:\/\/www.kenial.de\/de\/kenial\/kenia\/kenia-2016\/\">Kenia 2016<\/a> \u2022 <a href=\"https:\/\/www.kenial.de\/de\/kenial\/kenia\/kenia-2017\/\">Kenia 2017<\/a> \u2022 <a href=\"https:\/\/www.kenial.de\/de\/kenial\/kenia\/kenia-2019\/\">Kenia 2019<\/a> \u2022 <a href=\"https:\/\/www.kenial.de\/de\/kenial\/kenia\/kenia-2020\/\">Kenia 2020<\/a> \u2022 <a href=\"https:\/\/www.kenial.de\/de\/kenial\/kenia\/kenia-2021\/\">Kenia 2021<\/a><\/p>\n<p>Im Dezember 2015 haben wir \u00fcber 100 Aidswaisen rund um die Stadt Nakuru besucht. Sie leben am Fu\u00dfe des Mount Kenya. \u00dcber Pisten und schlammige Pfade konnten wir den Kids das bringen, was sie am n\u00f6tigsten brauchen. Hardshelljacken, Regenhosen, Rucks\u00e4cke, Shirts und Fu\u00dfb\u00e4lle. Ganz direkt uns pers\u00f6nlich. Eine Sozialarbeiterin vor Ort hat tatkr\u00e4ftig organisiert und mit angepackt. Es waren sehr beeindruckende Tage, es gab gro\u00dfe Kinderaugen und fr\u00f6hliches Fu\u00dfballspielen. Und dann konnten wir zu einer phantastischen alpinen Tour starten: Nelion, Mount Kenya.<\/p>\n<div class=\"oneThird\"><img loading=\"lazy\" decoding=\"async\" class=\"alignnone wp-image-2050 size-full\" src=\"https:\/\/www.kenial.de\/wp-content\/uploads\/2016\/08\/kids_alle.jpg\" width=\"200\" height=\"148\" \/><br \/>\nWir trafen fast alle Kinder, bekamen einen Einblick in deren Leben, weitab aller touristischer Pfade.<\/p>\n<\/div>\n<div class=\"oneThird\"><img loading=\"lazy\" decoding=\"async\" class=\"alignnone wp-image-2036 size-full\" src=\"https:\/\/www.kenial.de\/wp-content\/uploads\/2016\/08\/bena.jpg\" width=\"200\" height=\"148\" \/><br \/>\nBena wurde viel mehr als nur Beraterin. Eine gute Freundin.\u00a0Sie wei\u00df, was den Kindern hilft, und arbeitet eng mit KENIAL zusammen.<\/p>\n<\/div>\n<div class=\"oneThird last\"><img loading=\"lazy\" decoding=\"async\" class=\"alignnone wp-image-2035 size-full\" src=\"https:\/\/www.kenial.de\/wp-content\/uploads\/2016\/08\/sachen.jpg\" width=\"200\" height=\"148\" \/><br \/>\nWir brachte\u00a0Jacken, Regenhosen, Rucks\u00e4cke, T-shirts und mehr.<\/p>\n<\/div><div class=\"clear\"><\/div>\n<div class=\"oneThird\"><img loading=\"lazy\" decoding=\"async\" class=\"alignnone size-full wp-image-1167\" src=\"https:\/\/www.kenial.de\/wp-content\/uploads\/2016\/01\/nelion.jpg\" alt=\"nelion\" width=\"200\" height=\"148\" \/><br \/>\nNelion. Nach dem Besuch der Kids brachen wir auf zu einer\u00a0einzigartigen Klettertour.\u00a0Nelion 5189m, Mount Kenya. 30 Seill\u00e4ngen, V+<\/p>\n<\/div>\n<div class=\"oneThird\"><img loading=\"lazy\" decoding=\"async\" class=\"alignnone size-full wp-image-1164\" src=\"https:\/\/www.kenial.de\/wp-content\/uploads\/2016\/01\/kenya_ath.jpg\" alt=\"kenya_ath\" width=\"200\" height=\"148\" \/><br \/>\nAthleten. J\u00fcrgen Reinm\u00fcller, Bergf\u00fchrer und Leiter der\u00a0<a href=\"http:\/\/www.alpinstil.at\" target=\"_blank\" rel=\"noopener noreferrer\">Alpinschule Alpinstil<\/a>. Anke Johannssen, KENIAL e.V.<\/p>\n<\/div>\n<div class=\"oneThird last\"><img loading=\"lazy\" decoding=\"async\" class=\"alignnone wp-image-2037 size-full\" src=\"https:\/\/www.kenial.de\/wp-content\/uploads\/2016\/08\/lukenya.jpg\" width=\"200\" height=\"148\" \/><br \/>\nEs gab noch mehr zu klettern. In atemberaubender Kulisse.<\/p>\n<p><a href=\"https:\/\/www.kenial.de\/de\/kenial\/kenia\/kenia-2015\/galerie-kenia-2015\/\"><span class=\"dropcap circle\">G<\/span>Galerie 2015<\/a><\/p>\n<\/div><div class=\"clear\"><\/div>\n<div class=\"theParallaxCrestaBlock\"><div class=\"theParallaxCresta fortunato-short-parallax-146\" style=\"background-image: url(https:\/\/www.kenial.de\/wp-content\/uploads\/2015\/12\/IMG_9784.jpg); height:600px;\"><h2><\/h2><\/div><\/div><script type=\"text\/javascript\">(function($) { $(document).ready(function() { if ( \/Android|webOS|iPhone|iPad|iPod|BlackBerry|IEMobile|Opera Mini\/i.test(navigator.userAgent) ) {} else { $(\".fortunato-short-parallax-146\").scrollparallax(\"50%\", \"0.2\"); } }); })(jQuery);<\/script>","protected":false},"excerpt":{"rendered":"<p>Kenia 2015 \u2022 Kenia 2016 \u2022 Kenia 2017 \u2022 Kenia 2019 \u2022 Kenia 2020 \u2022 Kenia 2021 \u2022 Kenia 2022 \u2022 Kenia 2023 \u2022 Kenia 2024 \u2022 Kenia 2025 Im Dezember 2015 haben wir \u00fcber 100 Aidswaisen rund um die Stadt Nakuru besucht. Sie leben am Fu\u00dfe des Mount Kenya. \u00dcber Pisten und schlammige Pfade&hellip;<\/p>\n","protected":false},"author":1,"featured_media":1240,"parent":606,"menu_order":0,"comment_status":"closed","ping_status":"closed","template":"","meta":{"footnotes":""},"class_list":["post-2007","page","type-page","status-publish","has-post-thumbnail","hentry"],"_links":{"self":[{"href":"https:\/\/www.kenial.de\/de\/wp-json\/wp\/v2\/pages\/2007","targetHints":{"allow":["GET"]}}],"collection":[{"href":"https:\/\/www.kenial.de\/de\/wp-json\/wp\/v2\/pages"}],"about":[{"href":"https:\/\/www.kenial.de\/de\/wp-json\/wp\/v2\/types\/page"}],"author":[{"embeddable":true,"href":"https:\/\/www.kenial.de\/de\/wp-json\/wp\/v2\/users\/1"}],"replies":[{"embeddable":true,"href":"https:\/\/www.kenial.de\/de\/wp-json\/wp\/v2\/comments?post=2007"}],"version-history":[{"count":6,"href":"https:\/\/www.kenial.de\/de\/wp-json\/wp\/v2\/pages\/2007\/revisions"}],"predecessor-version":[{"id":10130,"href":"https:\/\/www.kenial.de\/de\/wp-json\/wp\/v2\/pages\/2007\/revisions\/10130"}],"up":[{"embeddable":true,"href":"https:\/\/www.kenial.de\/de\/wp-json\/wp\/v2\/pages\/606"}],"wp:featuredmedia":[{"embeddable":true,"href":"https:\/\/www.kenial.de\/de\/wp-json\/wp\/v2\/media\/1240"}],"wp:attachment":[{"href":"https:\/\/www.kenial.de\/de\/wp-json\/wp\/v2\/media?parent=2007"}],"curies":[{"name":"wp","href":"https:\/\/api.w.org\/{rel}","templated":true}]}}