{"id":1394,"date":"2016-02-29T16:08:46","date_gmt":"2016-02-29T15:08:46","guid":{"rendered":"http:\/\/www.kenial.de\/?page_id=1394"},"modified":"2017-05-18T10:40:26","modified_gmt":"2017-05-18T08:40:26","slug":"nepal-athleten","status":"publish","type":"page","link":"https:\/\/www.kenial.de\/de\/kenial\/nepal\/nepal-2016\/nepal-athleten\/","title":{"rendered":"Nepal Athleten"},"content":{"rendered":"Athleten. Alix von Melle und Luis Stitzinger geh\u00f6ren seit Jahren zu den aktivsten deutschen Expeditionsbergsteigerpaaren. An neun Achttausendern waren sie bereits gemeinsam unterwegs, bei sechs davon sind sie erfolgreich auf dem Gipfel gestanden. Um ein Vielfaches l\u00e4nger ist die Liste der Sechs- und Siebentausender in ihrem Tourenbuch. Alix ist die derzeit erfolgreichste H\u00f6henbergsteigerin Deutschlands. Luis, der als Profibergf\u00fchrer und Expeditionsleiter areitet, z\u00e4hlt mit seinen Skibefahrungen an mehreren Achttausendern zu den erfolgreichsten &#8222;Big Mountain Skiers&#8220; der Szene. Jedes Jahr sind sie mehrfach zusammen an den Bergen der Welt unterwegs.<\/p>\n<p><img loading=\"lazy\" decoding=\"async\" class=\"alignnone size-full wp-image-1379\" src=\"https:\/\/www.kenial.de\/wp-content\/uploads\/2016\/02\/zelt.jpg\" alt=\"alix und luis\" width=\"1920\" height=\"1080\" srcset=\"https:\/\/www.kenial.de\/wp-content\/uploads\/2016\/02\/zelt.jpg 1920w, https:\/\/www.kenial.de\/wp-content\/uploads\/2016\/02\/zelt-600x338.jpg 600w, https:\/\/www.kenial.de\/wp-content\/uploads\/2016\/02\/zelt-640x360.jpg 640w, https:\/\/www.kenial.de\/wp-content\/uploads\/2016\/02\/zelt-768x432.jpg 768w, https:\/\/www.kenial.de\/wp-content\/uploads\/2016\/02\/zelt-1024x576.jpg 1024w, https:\/\/www.kenial.de\/wp-content\/uploads\/2016\/02\/zelt-285x160.jpg 285w\" sizes=\"auto, (max-width: 1920px) 100vw, 1920px\" \/><\/p>\n<p>2017 wollen sie erneut zum Manaslu aufbrechen, nachdem sie 2012 dort 150 Meter unter dem Gipfel in einem Gewitterinferno umkehren mussten.<\/p>\n<p>Nicht erst seit dem gro\u00dfen Erdbeben vergangenes Jahr engagieren sie sich in verschiedenen NGO-Hilfsprojekten in Nepal.\u00a0Dieses Jahr konnten wir die beiden f\u00fcr eine Mitwirkung an unserem kenialen Projekt begeistern.<\/p>\n<p>Der Berg. Der Manaslu, (8163m)\u00a0ist der achth\u00f6chste Berg der Erde. Der Name bedeutet &#8222;Berg der Seele&#8220; oder &#8222;Seele des Himalya&#8220;.\u00a0Der Gurkha Himal bildet mit dem Manaslu (8163m), dem Himalchuli (7893m) und dem Ngada Chuli (7835m) eine eigenst\u00e4ndige Bergkette. Sie wird von den Schluchten des Buri Gandaki und des Marsyangdi begrenzt, die auf die Nordseite des Himalaya-Massivs f\u00fchren. Bergw\u00e4lder reichen\u00a0bis weit \u00fcber 3000m H\u00f6he.<\/p>\n<div class=\"theParallaxCrestaBlock\"><div class=\"theParallaxCresta fortunato-short-parallax-846\" style=\"background-image: url(https:\/\/www.kenial.de\/wp-content\/uploads\/2016\/02\/msnaslu_ski.jpg); height:600px;\"><h2><\/h2><\/div><\/div><script type=\"text\/javascript\">(function($) { $(document).ready(function() { if ( \/Android|webOS|iPhone|iPad|iPod|BlackBerry|IEMobile|Opera Mini\/i.test(navigator.userAgent) ) {} else { $(\".fortunato-short-parallax-846\").scrollparallax(\"50%\", \"0.2\"); } }); })(jQuery);<\/script>","protected":false},"excerpt":{"rendered":"<p>Athleten. Alix von Melle und Luis Stitzinger geh\u00f6ren seit Jahren zu den aktivsten deutschen Expeditionsbergsteigerpaaren. An neun Achttausendern waren sie bereits gemeinsam unterwegs, bei sechs davon sind sie erfolgreich auf dem Gipfel gestanden. Um ein Vielfaches l\u00e4nger ist die Liste der Sechs- und Siebentausender in ihrem Tourenbuch. Alix ist die derzeit erfolgreichste H\u00f6henbergsteigerin Deutschlands. Luis,&hellip;<\/p>\n","protected":false},"author":1,"featured_media":2270,"parent":3129,"menu_order":0,"comment_status":"closed","ping_status":"closed","template":"","meta":{"footnotes":""},"class_list":["post-1394","page","type-page","status-publish","has-post-thumbnail","hentry"],"_links":{"self":[{"href":"https:\/\/www.kenial.de\/de\/wp-json\/wp\/v2\/pages\/1394","targetHints":{"allow":["GET"]}}],"collection":[{"href":"https:\/\/www.kenial.de\/de\/wp-json\/wp\/v2\/pages"}],"about":[{"href":"https:\/\/www.kenial.de\/de\/wp-json\/wp\/v2\/types\/page"}],"author":[{"embeddable":true,"href":"https:\/\/www.kenial.de\/de\/wp-json\/wp\/v2\/users\/1"}],"replies":[{"embeddable":true,"href":"https:\/\/www.kenial.de\/de\/wp-json\/wp\/v2\/comments?post=1394"}],"version-history":[{"count":0,"href":"https:\/\/www.kenial.de\/de\/wp-json\/wp\/v2\/pages\/1394\/revisions"}],"up":[{"embeddable":true,"href":"https:\/\/www.kenial.de\/de\/wp-json\/wp\/v2\/pages\/3129"}],"wp:featuredmedia":[{"embeddable":true,"href":"https:\/\/www.kenial.de\/de\/wp-json\/wp\/v2\/media\/2270"}],"wp:attachment":[{"href":"https:\/\/www.kenial.de\/de\/wp-json\/wp\/v2\/media?parent=1394"}],"curies":[{"name":"wp","href":"https:\/\/api.w.org\/{rel}","templated":true}]}}