{"id":1381,"date":"2016-02-29T16:07:40","date_gmt":"2016-02-29T15:07:40","guid":{"rendered":"http:\/\/www.kenial.de\/?page_id=1381"},"modified":"2023-08-28T17:38:43","modified_gmt":"2023-08-28T15:38:43","slug":"nepal","status":"publish","type":"page","link":"https:\/\/www.kenial.de\/de\/kenial\/nepal\/","title":{"rendered":"Nepal"},"content":{"rendered":"Wir betreuen in Nepal schon einige Jahre mehrere Projekte. Es sind zum Einen Kinderhilfsprojekte in Kathmandu, Waisenh\u00e4user. Aber mit unseren Schuhen und wetterfesten Jacken k\u00f6nnen wir auch immer wieder den Tr\u00e4gern und Guides vor Ort helfen.<br \/>\n&nbsp;<\/p>\n<div class=\"oneThird\"><img loading=\"lazy\" decoding=\"async\" class=\"alignnone wp-image-3132 size-full\" src=\"https:\/\/www.kenial.de\/wp-content\/uploads\/2022\/09\/new_kopila_kl_hund.jpg\" alt=\"\" width=\"200\" height=\"147\" \/><\/p>\n<p>New Kopila Home. Im Heimen im Stadtteil Pepsi Cola leben fast 30 Kinder. Zum Teil Waisen, zum Teil ausgesetzte Kinder. Zum Teil Kinder, deren Eltern sie nicht ern\u00e4hren k\u00f6nnen. die Kinder\u00a0besuchen die Schule, einige der M\u00e4dchen schon das College. Alle haben einen sicheren Platz zum Leben, Spielen und lernen. Denn auf die Schulbildung wird hier besonders viel Wert gelegt. <a href=\"https:\/\/www.kenial.de\/de\/kenial\/nepal\/new-kopila-home\/\">Mehr&#8230;<\/a><br \/>\n<\/div>\n<div class=\"oneThird\"><img loading=\"lazy\" decoding=\"async\" class=\"alignnone wp-image-6430 size-full\" src=\"https:\/\/www.kenial.de\/wp-content\/uploads\/2022\/08\/transit_kids.jpg\" alt=\"\" width=\"200\" height=\"147\" \/><\/p>\n<p>Transit Home. Die Organisation Access Nepal befreit Kinder aus Kinderarbeit. Sie werden in Ziegeleien, Teppich Kn\u00fcpfereien, der Landwirtschaft aufgefunden. Die Kinder bleiben Transit Home und die Suche nach den Eltern und Familien beginnt. Manchmal ist der R\u00fcckweg nicht m\u00f6glich. Dann bleiben die Kinder, gehen zur Schule und finden hier ein neues zu Hause. <a href=\"https:\/\/www.kenial.de\/de\/kenial\/nepal\/transit-home\/\">Mehr&#8230;<\/a><br \/>\n<\/div>\n<div class=\"oneThird last\"><img loading=\"lazy\" decoding=\"async\" class=\"alignnone wp-image-1382 size-full\" src=\"https:\/\/www.kenial.de\/wp-content\/uploads\/2016\/02\/manaslu_kl.jpg\" alt=\"\" width=\"200\" height=\"147\" \/><\/p>\n<p>Tr\u00f6ger und Guides. Die Guides f\u00fchren Touristen durch den Himalaya. Tr\u00e4ger tragen die Lasten, das Gep\u00e4ck. Viele Kilogramm. Richtige Bergschuhe haben sie nicht, obwohl die Wege bei jedem Wetter \u00fcber Felsen, Gebirgspfade und Gletscher f\u00fchren. Wir helfen mit Schuhen, Jacken etc. <a href=\"https:\/\/www.kenial.de\/de\/kenial\/nepal\/nepal-porter-guides\/\">Mehr&#8230;<\/a><br \/>\n<\/div><div class=\"clear\"><\/div>\n<div class=\"oneThird\"><img loading=\"lazy\" decoding=\"async\" class=\"alignnone wp-image-6430 size-full\" src=\"https:\/\/www.kenial.de\/wp-content\/uploads\/2023\/08\/nepal_kantipuur_2023_kids_kl.jpg\" alt=\"\" width=\"200\" height=\"147\" \/><br \/>\nKantipuur Highschool. 12 Kinder leben in der Kantipuur Highschool in Kathmandu. Die Kinder haben hier die M\u00f6glichkeit, zur Schule zu gehen und auch zu leben. Aufgrund der schwierigen Umst\u00e4nde, aus denen sie kommen, ist die Schule zu ihrem Zuhause geworden. Und das jeden Tag. <a href=\"https:\/\/www.kenial.de\/de\/kenial\/nepal\/kantipuur\/\">Mehr&#8230;<\/a><\/p>\n<\/div>\n<div class=\"oneThird\"><img loading=\"lazy\" decoding=\"async\" class=\"alignnone wp-image-6430 size-full\" src=\"https:\/\/www.kenial.de\/wp-content\/uploads\/2017\/11\/np_kids_kl.jpg\" alt=\"\" width=\"200\" height=\"147\" alt=\"\" width=\"200\" height=\"147\" \/><\/p>\n<p>Children&#8217;s Home KTM. Das kleine Heim haben wir von 2016 bis 2019 unterst\u00fczt. Als die Heimleiterin 2019 einen Herzinfarkt erleidet, kann das Heim nicht weitergef\u00fchrt werden. Die Kinder werden in andere Heime verteilt. <a href=\"https:\/\/www.kenial.de\/de\/kenial\/nepal\/kinderheim-ktm\/\">Mehr&#8230;<\/a><br \/>\n<\/div>","protected":false},"excerpt":{"rendered":"<p>Wir betreuen in Nepal schon einige Jahre mehrere Projekte. Es sind zum Einen Kinderhilfsprojekte in Kathmandu, Waisenh\u00e4user. Aber mit unseren Schuhen und wetterfesten Jacken k\u00f6nnen wir auch immer wieder den Tr\u00e4gern und Guides vor Ort helfen. &nbsp;<\/p>\n","protected":false},"author":1,"featured_media":8336,"parent":486,"menu_order":0,"comment_status":"closed","ping_status":"closed","template":"","meta":{"footnotes":""},"class_list":["post-1381","page","type-page","status-publish","has-post-thumbnail","hentry"],"_links":{"self":[{"href":"https:\/\/www.kenial.de\/de\/wp-json\/wp\/v2\/pages\/1381","targetHints":{"allow":["GET"]}}],"collection":[{"href":"https:\/\/www.kenial.de\/de\/wp-json\/wp\/v2\/pages"}],"about":[{"href":"https:\/\/www.kenial.de\/de\/wp-json\/wp\/v2\/types\/page"}],"author":[{"embeddable":true,"href":"https:\/\/www.kenial.de\/de\/wp-json\/wp\/v2\/users\/1"}],"replies":[{"embeddable":true,"href":"https:\/\/www.kenial.de\/de\/wp-json\/wp\/v2\/comments?post=1381"}],"version-history":[{"count":10,"href":"https:\/\/www.kenial.de\/de\/wp-json\/wp\/v2\/pages\/1381\/revisions"}],"predecessor-version":[{"id":8939,"href":"https:\/\/www.kenial.de\/de\/wp-json\/wp\/v2\/pages\/1381\/revisions\/8939"}],"up":[{"embeddable":true,"href":"https:\/\/www.kenial.de\/de\/wp-json\/wp\/v2\/pages\/486"}],"wp:featuredmedia":[{"embeddable":true,"href":"https:\/\/www.kenial.de\/de\/wp-json\/wp\/v2\/media\/8336"}],"wp:attachment":[{"href":"https:\/\/www.kenial.de\/de\/wp-json\/wp\/v2\/media?parent=1381"}],"curies":[{"name":"wp","href":"https:\/\/api.w.org\/{rel}","templated":true}]}}