{"id":1269,"date":"2016-03-18T09:32:10","date_gmt":"2016-03-18T08:32:10","guid":{"rendered":"http:\/\/www.kenial.de\/?page_id=1269"},"modified":"2018-12-10T21:21:36","modified_gmt":"2018-12-10T20:21:36","slug":"tadschikistan-2016","status":"publish","type":"page","link":"https:\/\/www.kenial.de\/de\/kenial\/tadschikistan\/tadschikistan-2016\/","title":{"rendered":"Tadschikistan 2016"},"content":{"rendered":"Im August 2016\u00a0ziehen\u00a0die 6 Bergsteigerinnen des DAV Expeditionskaders ins\u00a0Pamir Gebirge, Tadschikistan. Ihr Weg f\u00fchrt sie in das Shadzud Tal, ein Seitental des Gunt in der Region Gorno-Badakshan. Tadschikistan ist eines der \u00e4rmsten L\u00e4nder der Welt. Auf ihrem R\u00fcckweg besuchen\u00a0die Frauen ein Kinderheim in Rushan. Die Kinder bekommen warme Jacken und M\u00fctzen.\u00a0Ganz pers\u00f6nlich und direkt.<\/p>\n<p>&nbsp;<\/p>\n<div class=\"oneThird\"><img loading=\"lazy\" decoding=\"async\" class=\"alignnone wp-image-1655 size-full\" src=\"https:\/\/www.kenial.de\/wp-content\/uploads\/2016\/03\/taji_kids.jpg\" alt=\"\" width=\"200\" height=\"147\" \/><br \/>\nDie Kinder. Ein Kinderheim mit 58 Kindern ab der ersten Klasse. Sie sind alle Vollwaisen oder Halbwaisen und besuchen das angeschlossene Internat in Rushan. <a href=\"https:\/\/www.kenial.de\/kenial\/tadschikistan\/tadschikistan-galerie\/\">Mehr&#8230;<\/a><\/p>\n<\/div>\n<div class=\"oneThird\"><img loading=\"lazy\" decoding=\"async\" class=\"alignnone wp-image-1605 size-full\" src=\"https:\/\/www.kenial.de\/wp-content\/uploads\/2016\/03\/tadji_mount.jpg\" alt=\"\" width=\"200\" height=\"148\" \/><br \/>\nZiel ist eine Expedition und einige Erstbesteigungen im Shadzud Tal.<\/p>\n<\/div>\n<div class=\"oneThird last\"><img loading=\"lazy\" decoding=\"async\" class=\"alignnone wp-image-1603 size-full\" src=\"https:\/\/www.kenial.de\/wp-content\/uploads\/2016\/03\/tadji_team.jpg\" alt=\"\" width=\"200\" height=\"148\" \/><br \/>\nAthleten. Der DAV Expeditonskader Frauen. Sechs junge Frauen auf dem Weg ins Pamir und auf einen noch nicht bestiegenen Berg. <a href=\"https:\/\/www.kenial.de\/kenial\/tadschikistan\/tadschikistan-athleten\/\">Mehr&#8230;<\/a><\/div><div class=\"clear\"><\/div>\n<div class=\"oneThird\"><img loading=\"lazy\" decoding=\"async\" class=\"alignnone wp-image-1656 size-full\" src=\"https:\/\/www.kenial.de\/wp-content\/uploads\/2016\/03\/amrisho.jpg\" alt=\"\" width=\"200\" height=\"147\" \/><br \/>\nKontakt in Tadschikistan. Amrisho ist Tadschike und Ethnologe.\u00a0\u00a0Er hat in T\u00fcbingen promoviert und ist unser Ansprechpartner und Kontakt zum Kinderheim in Rushan.<\/p>\n<\/div>\n<div class=\"oneThird last\"><img loading=\"lazy\" decoding=\"async\" class=\"size-full wp-image-1661\" src=\"https:\/\/www.kenial.de\/wp-content\/uploads\/2016\/03\/taji_stefanie.jpg\" alt=\"\" width=\"200\" height=\"147\" \/><br \/>\nAnsprechpartner. Ethnologin und Tadschikistanexpertin Stefanie Kicherer hat ihr Herz vor vielen Jahren an das Pamir verloren.<br \/>\n<\/div><div class=\"clear\"><\/div>\n<p>&nbsp;<\/p>\n<div class=\"theParallaxCrestaBlock\"><div class=\"theParallaxCresta fortunato-short-parallax-801\" style=\"background-image: url(https:\/\/www.kenial.de\/wp-content\/uploads\/2016\/03\/zeugs.jpg); height:1080px;\"><h2><\/h2><\/div><\/div><script type=\"text\/javascript\">(function($) { $(document).ready(function() { if ( \/Android|webOS|iPhone|iPad|iPod|BlackBerry|IEMobile|Opera Mini\/i.test(navigator.userAgent) ) {} else { $(\".fortunato-short-parallax-801\").scrollparallax(\"50%\", \"0.2\"); } }); })(jQuery);<\/script>\n<p>&nbsp;","protected":false},"excerpt":{"rendered":"<p>Im August 2016\u00a0ziehen\u00a0die 6 Bergsteigerinnen des DAV Expeditionskaders ins\u00a0Pamir Gebirge, Tadschikistan. Ihr Weg f\u00fchrt sie in das Shadzud Tal, ein Seitental des Gunt in der Region Gorno-Badakshan. Tadschikistan ist eines der \u00e4rmsten L\u00e4nder der Welt. Auf ihrem R\u00fcckweg besuchen\u00a0die Frauen ein Kinderheim in Rushan. Die Kinder bekommen warme Jacken und M\u00fctzen.\u00a0Ganz pers\u00f6nlich und direkt. &nbsp;&hellip;<\/p>\n","protected":false},"author":1,"featured_media":2181,"parent":4907,"menu_order":0,"comment_status":"closed","ping_status":"closed","template":"","meta":{"footnotes":""},"class_list":["post-1269","page","type-page","status-publish","has-post-thumbnail","hentry"],"_links":{"self":[{"href":"https:\/\/www.kenial.de\/de\/wp-json\/wp\/v2\/pages\/1269","targetHints":{"allow":["GET"]}}],"collection":[{"href":"https:\/\/www.kenial.de\/de\/wp-json\/wp\/v2\/pages"}],"about":[{"href":"https:\/\/www.kenial.de\/de\/wp-json\/wp\/v2\/types\/page"}],"author":[{"embeddable":true,"href":"https:\/\/www.kenial.de\/de\/wp-json\/wp\/v2\/users\/1"}],"replies":[{"embeddable":true,"href":"https:\/\/www.kenial.de\/de\/wp-json\/wp\/v2\/comments?post=1269"}],"version-history":[{"count":0,"href":"https:\/\/www.kenial.de\/de\/wp-json\/wp\/v2\/pages\/1269\/revisions"}],"up":[{"embeddable":true,"href":"https:\/\/www.kenial.de\/de\/wp-json\/wp\/v2\/pages\/4907"}],"wp:featuredmedia":[{"embeddable":true,"href":"https:\/\/www.kenial.de\/de\/wp-json\/wp\/v2\/media\/2181"}],"wp:attachment":[{"href":"https:\/\/www.kenial.de\/de\/wp-json\/wp\/v2\/media?parent=1269"}],"curies":[{"name":"wp","href":"https:\/\/api.w.org\/{rel}","templated":true}]}}