{"id":10580,"date":"2026-02-27T16:26:25","date_gmt":"2026-02-27T15:26:25","guid":{"rendered":"https:\/\/www.kenial.de\/de\/?page_id=10580"},"modified":"2026-02-27T16:28:45","modified_gmt":"2026-02-27T15:28:45","slug":"new-kopila-2026","status":"publish","type":"page","link":"https:\/\/www.kenial.de\/de\/kenial\/nepal\/new-kopila-home\/new-kopila-2026\/","title":{"rendered":"New Kopila 2026"},"content":{"rendered":"Anke besucht die Kinder und die Leitung im Kinderheim in Kathmandu. Die Kinder sind eine wunderbare Gemeinsachft, die K\u00f6ching sorgt f\u00fcr warme Mahlzeiten und die Kinderfrau Gopi orgabnisisert die Schulwege, Lernzeiten uund die richtigen Z\u00f6pfe zur Schuluniform. Prajola hat als Leitung alles im Blick, und sorgt f\u00fcr weit mehr als medizinische Versorgung, Vertr\u00e4ge mit den Schulen und hat ein offenes Ohr f\u00fcr jede und jeden. <\/p>\n<div class=\"oneThird\"><img loading=\"lazy\" decoding=\"async\" src=\"https:\/\/www.kenial.de\/wp-content\/uploads\/2026\/02\/nepal_kl_2-26_kids.jpg\" alt=\"\" width=\"200\" height=\"147\" class=\"alignnone size-full wp-image-10576\" \/><br \/>\nAm Samstag auf dem Dach kann man super sch\u00f6n zusammen spielen.<\/p>\n<\/div>\n<div class=\"oneThird\"><img loading=\"lazy\" decoding=\"async\" src=\"https:\/\/www.kenial.de\/wp-content\/uploads\/2026\/02\/nepal_kl_26-2.jpg\" alt=\"\" width=\"200\" height=\"147\" class=\"alignnone size-full wp-image-10577\" \/><br \/>\nMit dabei diesmal viele Socken, reichlich bunte Stifte und Kleidung.<\/p>\n<\/div>\n<div class=\"oneThird last\"><img loading=\"lazy\" decoding=\"async\" src=\"https:\/\/www.kenial.de\/wp-content\/uploads\/2026\/02\/nepal_kl_2-26_2.jpg\" alt=\"\" width=\"200\" height=\"147\" class=\"alignnone size-full wp-image-10578\" \/><br \/>\nMaya kocht und Gopi sorgt f\u00fcr rechtzeitig den Bus erreichen, die richtigen Z\u00f6pfe und mehr.<\/p>\n<\/div><div class=\"clear\"><\/div>","protected":false},"excerpt":{"rendered":"<p>Anke besucht die Kinder und die Leitung im Kinderheim in Kathmandu. Die Kinder sind eine wunderbare Gemeinsachft, die K\u00f6ching sorgt f\u00fcr warme Mahlzeiten und die Kinderfrau Gopi orgabnisisert die Schulwege, Lernzeiten uund die richtigen Z\u00f6pfe zur Schuluniform. Prajola hat als Leitung alles im Blick, und sorgt f\u00fcr weit mehr als medizinische Versorgung, Vertr\u00e4ge mit den&hellip;<\/p>\n","protected":false},"author":1,"featured_media":10567,"parent":8308,"menu_order":0,"comment_status":"closed","ping_status":"closed","template":"","meta":{"footnotes":""},"class_list":["post-10580","page","type-page","status-publish","has-post-thumbnail","hentry"],"_links":{"self":[{"href":"https:\/\/www.kenial.de\/de\/wp-json\/wp\/v2\/pages\/10580","targetHints":{"allow":["GET"]}}],"collection":[{"href":"https:\/\/www.kenial.de\/de\/wp-json\/wp\/v2\/pages"}],"about":[{"href":"https:\/\/www.kenial.de\/de\/wp-json\/wp\/v2\/types\/page"}],"author":[{"embeddable":true,"href":"https:\/\/www.kenial.de\/de\/wp-json\/wp\/v2\/users\/1"}],"replies":[{"embeddable":true,"href":"https:\/\/www.kenial.de\/de\/wp-json\/wp\/v2\/comments?post=10580"}],"version-history":[{"count":1,"href":"https:\/\/www.kenial.de\/de\/wp-json\/wp\/v2\/pages\/10580\/revisions"}],"predecessor-version":[{"id":10582,"href":"https:\/\/www.kenial.de\/de\/wp-json\/wp\/v2\/pages\/10580\/revisions\/10582"}],"up":[{"embeddable":true,"href":"https:\/\/www.kenial.de\/de\/wp-json\/wp\/v2\/pages\/8308"}],"wp:featuredmedia":[{"embeddable":true,"href":"https:\/\/www.kenial.de\/de\/wp-json\/wp\/v2\/media\/10567"}],"wp:attachment":[{"href":"https:\/\/www.kenial.de\/de\/wp-json\/wp\/v2\/media?parent=10580"}],"curies":[{"name":"wp","href":"https:\/\/api.w.org\/{rel}","templated":true}]}}