{"id":10467,"date":"2026-01-13T15:07:33","date_gmt":"2026-01-13T14:07:33","guid":{"rendered":"https:\/\/www.kenial.de\/de\/?page_id=10467"},"modified":"2026-01-13T15:43:13","modified_gmt":"2026-01-13T14:43:13","slug":"kidssoupkitchen","status":"publish","type":"page","link":"https:\/\/www.kenial.de\/de\/kenial\/namibia\/kidssoupkitchen\/","title":{"rendered":"Kids Soupkitchen"},"content":{"rendered":"<a href=\"https:\/\/www.kenial.de\/de\/kenial\/namibia\/windhoek-riverheights\/\">Windhoek Riverheights<\/a> \u2022 <a href=\"https:\/\/www.kenial.de\/de\/kenial\/namibia\/windhoek\/\">Windhoek Wadadee<\/a> \u2022 <a href=\"https:\/\/www.kenial.de\/de\/kenial\/namibia\/kaokoveld\/\">Kaokoveld<\/a> \u2022 <a href=\"https:\/\/www.kenial.de\/de\/kenial\/namibia\/outjo\/\">Outjo<\/a> \u2022 <a href=\"https:\/\/www.kenial.de\/de\/kenial\/namibia\/kinderbewaarhuis-ein-kinderheim\/\">Kinderbewaarhuis<\/a> \u2022 <a href=\"https:\/\/www.kenial.de\/de\/kenial\/namibia\/omuhoro-schule\/\">Omuhoro School<\/a> \u2022 Kids Soupkitchen<\/p>\n<p>Die <a href=\"https:\/\/kids-soupkitchen.com\/\" target=\"_blank\">kids-soup-kitchen<\/a> wurde von einem Deutschen Verein aufgebaut und wird seit 2018 aus dem Harz unterst\u00fctzt. Vor Ort gibt es einige freiwillige Helfer, die daf\u00fcr sorgen, dass die Kinder aus der Nachbarschaft jeden Sonntag eine warme Mahlzeit bekommen. Dar\u00fcber wacht John, der seine Gemeinde kennz und den \u00dcberblick beh\u00e4lt.<\/p>\n<div class=\"oneThird\"><img loading=\"lazy\" decoding=\"async\" src=\"https:\/\/www.kenial.de\/wp-content\/uploads\/2026\/01\/kids_soupkitchen1_kl.jpg\" alt=\"\" width=\"200\" height=\"147\" class=\"alignnone size-full wp-image-10446\" \/><br \/>\nEs wird vor Ort gekocht, die H\u00e4nde werden gewaschen, es wird gesungen und nat\u00fcrlich Fu\u00dfball gespielt, oder auf dem angrenzenden Spielplatz. Die Kinder kommen aus der Umgebung und wissen genau, dass alles ganz geregelt vor sich geht. Die Kleinsten d\u00fcrfen zu erst essen.<\/p>\n<\/div>\n<div class=\"oneThird\"><img loading=\"lazy\" decoding=\"async\" src=\"https:\/\/www.kenial.de\/wp-content\/uploads\/2026\/01\/soupkitchen_kl2.jpg\" alt=\"\" width=\"200\" height=\"147\" class=\"alignnone size-full wp-image-10448\" \/><br \/>\nWir haben mittlerweile viele Reisende, die nicht nur den Volunteers der K\u00fcche sachen mitbringen, wie Rucks\u00e4cke oder Kleidung, sondern nat\u00fcrlich auch den Kindern. Neue Sandalen, Tshirts, Hosen uvm. Auch Babykleidung, die John an die M\u00fctter weitergibt.<\/p>\n<\/div>\n<div class=\"oneThird last\">\n<img loading=\"lazy\" decoding=\"async\" src=\"https:\/\/www.kenial.de\/wp-content\/uploads\/2026\/01\/kids_soup3_kl.jpg\" alt=\"\" width=\"200\" height=\"147\" class=\"alignnone size-full wp-image-10449\" \/>F\u00fcr viele der Kinder ist es die einzige warme Mahlzeit in der Woche. Reis, Kartoffeln, Gem\u00fcse, etwas Dosenfleisch. Wir staunen, wie unfassbar geduldig die Kinder warten, bis die kleine Sch\u00fcssel voll ist.<\/p>\n<\/div><div class=\"clear\"><\/div>\n<p><a href=\"https:\/\/www.kenial.de\/de\/kenial\/namibia\/kidssoupkitchen\/galerie-kidssoupkitchen\/\"><span class=\"dropcap circle\">G<\/span>Galerie Kids Soupkitchen<\/a><\/p>","protected":false},"excerpt":{"rendered":"<p>Windhoek Riverheights \u2022 Windhoek Wadadee \u2022 Kaokoveld \u2022 Outjo \u2022 Kinderbewaarhuis \u2022 Omuhoro School \u2022 Kids Soupkitchen Die kids-soup-kitchen wurde von einem Deutschen Verein aufgebaut und wird seit 2018 aus dem Harz unterst\u00fctzt. Vor Ort gibt es einige freiwillige Helfer, die daf\u00fcr sorgen, dass die Kinder aus der Nachbarschaft jeden Sonntag eine warme Mahlzeit bekommen.&hellip;<\/p>\n","protected":false},"author":1,"featured_media":10451,"parent":6781,"menu_order":0,"comment_status":"closed","ping_status":"closed","template":"","meta":{"footnotes":""},"class_list":["post-10467","page","type-page","status-publish","has-post-thumbnail","hentry"],"_links":{"self":[{"href":"https:\/\/www.kenial.de\/de\/wp-json\/wp\/v2\/pages\/10467","targetHints":{"allow":["GET"]}}],"collection":[{"href":"https:\/\/www.kenial.de\/de\/wp-json\/wp\/v2\/pages"}],"about":[{"href":"https:\/\/www.kenial.de\/de\/wp-json\/wp\/v2\/types\/page"}],"author":[{"embeddable":true,"href":"https:\/\/www.kenial.de\/de\/wp-json\/wp\/v2\/users\/1"}],"replies":[{"embeddable":true,"href":"https:\/\/www.kenial.de\/de\/wp-json\/wp\/v2\/comments?post=10467"}],"version-history":[{"count":13,"href":"https:\/\/www.kenial.de\/de\/wp-json\/wp\/v2\/pages\/10467\/revisions"}],"predecessor-version":[{"id":10489,"href":"https:\/\/www.kenial.de\/de\/wp-json\/wp\/v2\/pages\/10467\/revisions\/10489"}],"up":[{"embeddable":true,"href":"https:\/\/www.kenial.de\/de\/wp-json\/wp\/v2\/pages\/6781"}],"wp:featuredmedia":[{"embeddable":true,"href":"https:\/\/www.kenial.de\/de\/wp-json\/wp\/v2\/media\/10451"}],"wp:attachment":[{"href":"https:\/\/www.kenial.de\/de\/wp-json\/wp\/v2\/media?parent=10467"}],"curies":[{"name":"wp","href":"https:\/\/api.w.org\/{rel}","templated":true}]}}