{"id":10278,"date":"2025-09-01T17:29:55","date_gmt":"2025-09-01T15:29:55","guid":{"rendered":"https:\/\/www.kenial.de\/de\/?page_id=10278"},"modified":"2026-01-13T15:47:14","modified_gmt":"2026-01-13T14:47:14","slug":"omuhoro-schule","status":"publish","type":"page","link":"https:\/\/www.kenial.de\/de\/kenial\/namibia\/omuhoro-schule\/","title":{"rendered":"Omuhoro Schule"},"content":{"rendered":"<a href=\"https:\/\/www.kenial.de\/de\/kenial\/namibia\/windhoek-riverheights\/\">Windhoek Riverheights<\/a> \u2022 <a href=\"https:\/\/www.kenial.de\/de\/kenial\/namibia\/windhoek\/\">Windhoek Wadadee<\/a> \u2022 <a href=\"https:\/\/www.kenial.de\/de\/kenial\/namibia\/kaokoveld\/\">Kaokoveld<\/a> \u2022 <a href=\"https:\/\/www.kenial.de\/de\/kenial\/namibia\/outjo\/\">Outjo<\/a> \u2022 <a href=\"https:\/\/www.kenial.de\/de\/kenial\/namibia\/kinderbewaarhuis-ein-kinderheim\/\">Kinderbewaarhuis<\/a> \u2022 Omuhoro School \u2022 <a href=\"https:\/\/www.kenial.de\/de\/kenial\/namibia\/kidssoupkitchen\/\">Kids Soupkitchen<\/a><\/p>\n<p>Weit im Norden, kurz vor der Grenze nach Angola besucht Lena die kleine Schule in Omuhoro. An die 90 Kinder gehen hier in die kleine Volksschule. Es gibt vier KLaassen, von denen zwei zusammen unterichtet werden. Die Kinder haben weite Wege zur Schule. Morgens beginnt der Unterricht eigentlich fr\u00fch, aber die Familien versorgen erst die Ziegen &#8211; da m\u00fcssen die Kinder helfen. Erst danach geht es in die Schule. Einige Kinder werden nach der vierten Klasse nicht wieder in die Schule zur\u00fcck kehren, sondern auf ihren kleinen Farmen bleiben und mitarbeiten.<\/p>\n<p><a href=\"https:\/\/www.kenial.de\/de\/kenial\/namibia\/omuhoro-schule\/omuhoro-galerie\/\"><span class=\"dropcap circle\">G<\/span>Omuhoro Galerie<\/a><\/p>\n<p>&nbsp;<\/p>\n<div class=\"oneThird\"><img loading=\"lazy\" decoding=\"async\" src=\"https:\/\/www.kenial.de\/wp-content\/uploads\/2025\/09\/8-25omuhoro_schule_kl2.jpg\" alt=\"\" width=\"200\" height=\"147\" class=\"alignnone size-full wp-image-10280\" \/><br \/>\nDie Schule beginnt um 9:00 Uhr, viele k\u00f6nnen erst ab 11 Uhr kommen. Um 15 Uhr ist dann Schlu\u00df, vorher gibt es noch einen Maisbrei f\u00fcr alle.<\/p>\n<\/div>\n<div class=\"oneThird\"><img loading=\"lazy\" decoding=\"async\" src=\"https:\/\/www.kenial.de\/wp-content\/uploads\/2025\/09\/8-25omuhoro_schule_kl1.jpg\" alt=\"\" width=\"200\" height=\"147\" class=\"alignnone size-full wp-image-10279\" \/>Lena ist ganz eng verkn\u00fcpft mit dem Land und den Menschen. Sie ist selbst Lehrerin, und vor allem Hilfe f\u00fcr die Schulen liegt ihr am Herzen.<\/p>\n<\/div>\n<div class=\"oneThird last\"><img loading=\"lazy\" decoding=\"async\" src=\"https:\/\/www.kenial.de\/wp-content\/uploads\/2025\/09\/484968d8-120f-44ce-8392-e31692dfc67f-2.jpg\" alt=\"\" width=\"1600\" height=\"1070\" class=\"alignnone size-full wp-image-10274\" srcset=\"https:\/\/www.kenial.de\/wp-content\/uploads\/2025\/09\/484968d8-120f-44ce-8392-e31692dfc67f-2.jpg 1600w, https:\/\/www.kenial.de\/wp-content\/uploads\/2025\/09\/484968d8-120f-44ce-8392-e31692dfc67f-2-640x428.jpg 640w, https:\/\/www.kenial.de\/wp-content\/uploads\/2025\/09\/484968d8-120f-44ce-8392-e31692dfc67f-2-1024x685.jpg 1024w, https:\/\/www.kenial.de\/wp-content\/uploads\/2025\/09\/484968d8-120f-44ce-8392-e31692dfc67f-2-768x514.jpg 768w, https:\/\/www.kenial.de\/wp-content\/uploads\/2025\/09\/484968d8-120f-44ce-8392-e31692dfc67f-2-1536x1027.jpg 1536w, https:\/\/www.kenial.de\/wp-content\/uploads\/2025\/09\/484968d8-120f-44ce-8392-e31692dfc67f-2-800x535.jpg 800w, https:\/\/www.kenial.de\/wp-content\/uploads\/2025\/09\/484968d8-120f-44ce-8392-e31692dfc67f-2-600x401.jpg 600w, https:\/\/www.kenial.de\/wp-content\/uploads\/2025\/09\/484968d8-120f-44ce-8392-e31692dfc67f-2-272x182.jpg 272w\" sizes=\"auto, (max-width: 1600px) 100vw, 1600px\" \/><br \/>\nEin Rucksack f\u00fcr jedes Kind der letzten Klasse. F\u00fcr viele der Kinder ist das der erste Besitz \u00fcberhaupt. Eigentlich sollen nur diie Schulsachen rein, aber es werden wohl ein paar Lieblingssachen mit eingepackt.<\/p>\n<\/div><div class=\"clear\"><\/div>","protected":false},"excerpt":{"rendered":"<p>Windhoek Riverheights \u2022 Windhoek Wadadee \u2022 Kaokoveld \u2022 Outjo \u2022 Kinderbewaarhuis \u2022 Omuhoro School \u2022 Kids Soupkitchen Weit im Norden, kurz vor der Grenze nach Angola besucht Lena die kleine Schule in Omuhoro. An die 90 Kinder gehen hier in die kleine Volksschule. Es gibt vier KLaassen, von denen zwei zusammen unterichtet werden. Die Kinder&hellip;<\/p>\n","protected":false},"author":1,"featured_media":10271,"parent":6781,"menu_order":0,"comment_status":"closed","ping_status":"closed","template":"","meta":{"footnotes":""},"class_list":["post-10278","page","type-page","status-publish","has-post-thumbnail","hentry"],"_links":{"self":[{"href":"https:\/\/www.kenial.de\/de\/wp-json\/wp\/v2\/pages\/10278","targetHints":{"allow":["GET"]}}],"collection":[{"href":"https:\/\/www.kenial.de\/de\/wp-json\/wp\/v2\/pages"}],"about":[{"href":"https:\/\/www.kenial.de\/de\/wp-json\/wp\/v2\/types\/page"}],"author":[{"embeddable":true,"href":"https:\/\/www.kenial.de\/de\/wp-json\/wp\/v2\/users\/1"}],"replies":[{"embeddable":true,"href":"https:\/\/www.kenial.de\/de\/wp-json\/wp\/v2\/comments?post=10278"}],"version-history":[{"count":4,"href":"https:\/\/www.kenial.de\/de\/wp-json\/wp\/v2\/pages\/10278\/revisions"}],"predecessor-version":[{"id":10494,"href":"https:\/\/www.kenial.de\/de\/wp-json\/wp\/v2\/pages\/10278\/revisions\/10494"}],"up":[{"embeddable":true,"href":"https:\/\/www.kenial.de\/de\/wp-json\/wp\/v2\/pages\/6781"}],"wp:featuredmedia":[{"embeddable":true,"href":"https:\/\/www.kenial.de\/de\/wp-json\/wp\/v2\/media\/10271"}],"wp:attachment":[{"href":"https:\/\/www.kenial.de\/de\/wp-json\/wp\/v2\/media?parent=10278"}],"curies":[{"name":"wp","href":"https:\/\/api.w.org\/{rel}","templated":true}]}}